{"id":26846,"date":"2023-11-02T14:51:50","date_gmt":"2022-05-31T19:23:09","guid":{"rendered":"https:\/\/venilia.insektenschutz365.eu\/p\/adhesif-unimat-anis-45x300cm\/"},"modified":"2024-05-07T15:52:42","modified_gmt":"2024-05-07T13:52:42","slug":"adhesif-unimat-anis-45x300cm","status":"publish","type":"product","link":"https:\/\/www.venilia.com\/fr\/p\/adhesif-unimat-anis-45x300cm\/","title":{"rendered":"Adh\u00e9sif Unimat anis &#8211; 45x300cm"},"content":{"rendered":"<h3>Si simple, si facile !<\/h3>\n<p>Les meubles peuvent \u00eatre rmodernisez en un rien de temps avec les films adh\u00e9sifs. Les adh\u00e9sifs V\u00e9nilia UNI MAT sont disponibles dans toutes les couleurs de l&#39;arc-en-ciel. Il n&#39;y a vraiment aucune limite \u00e0 votre imagination. Comme son nom l&#39;indique, les feuilles sont monochromes et mates.<br \/>\nLes films adh\u00e9sifs sont r\u00e9sistants, faciles \u00e0 appliquer, lavable d\u2019un coup d\u2019\u00e9ponge et r\u00e9sistants \u00e0 la chaleur (jusqu\u2019\u00e0 50\u00b0c). Ils sont id\u00e9aux pour la r\u00e9novation et la personnalisation de meubles et de surfaces de toutes sortes, tels que plateaux, bo\u00eetes \u00e0 bijoux, verre, bo\u00eetes en carton.<\/p>\n<h4>Une qualit\u00e9 sur laquelle vous pouvez compter<\/h4>\n<p>Bien entendu, tous les films V\u00e9nilia sont sans phtalates. Gr\u00e2ce \u00e0 l&#39;\u00e9paisseur sup\u00e9rieure de pr\u00e8s de 200 \u00b5, le film peut \u00eatre fix\u00e9 facilement et sans bulles. M\u00eame s&#39;il faut plusieurs essais pour positionner correctement le film, les coins ne se d\u00e9formeront pas et le film conservera sa forme. De grandes et petites zones peuvent \u00eatre couvertes en un rien de temps en utilisant simplement vos doigts.<br \/>\nSi vous regrettez votre choix &#8211; pas de probl\u00e8me ! Les films adh\u00e9sifs peuvent \u00eatre repositionn\u00e9s dans les 20 minutes. Et si dans le futur vous avez envie de faire une autre personnalisation, vous pouvez recommencer simplement en retirant \u00e0 nouveau la feuille !<br \/>\n&nbsp;<\/p>\n<h4>Pr\u00e9paration<\/h4>\n<p>Pour que le projet r\u00e9ussisse, il est conseill\u00e9 de disposer des outils suivants : Une paire de ciseaux ou un cutter pour d\u00e9couper (la lame doit \u00eatre aiguis\u00e9e pour que les bords soient nets et pr\u00e9cis), une r\u00e8gle pour mesurer et tracer et une raclette pour lisser et chasser les bulles (\u00e9galement disponible chez V\u00e9nilia en kit d\u2019accessoires !)<\/p>\n<p>Les surfaces doivent \u00eatre propres, s\u00e8ches et exemptes de graisse. Le nettoyage avec du savon (liquide vaisselle) et de l&#39;eau est g\u00e9n\u00e9ralement suffisant. S\u00e9chez bien et vous \u00eates pr\u00eat \u00e0 partir ! Bien s\u00fbr, les surfaces rugueuses peuvent \u00e9galement \u00eatre coll\u00e9es &#8211; le pl\u00e2tre, le ciment et le contreplaqu\u00e9 doivent cependant \u00eatre pr\u00e9alablement vernis ou peints.<\/p>\n<p>Ensuite, mesurez la zone \u00e0 coller et coupez le film \u00e0 la taille voulue. Pour une zone avec des d\u00e9coupes, un mod\u00e8le peut \u00eatre cr\u00e9\u00e9 \u00e0 partir de papier journal ou de carton. Celui-ci est plac\u00e9 au dos du film et transf\u00e9r\u00e9 et d\u00e9coup\u00e9 selon une forme exacte. Au dos du film adh\u00e9sif se trouve une grille imprim\u00e9e qui facilite la mesure et la d\u00e9coupe.<\/p>\n<h4>Fixation de la feuille<\/h4>\n<p>Pour de meilleurs r\u00e9sultats, il est recommand\u00e9 de travailler \u00e0 temp\u00e9rature ambiante. D\u00e9collez le film protecteur, positionnez soigneusement le bord et lissez le film petit \u00e0 petit. Une raclette est utile pour emp\u00eacher la formation de bulles d&#39;air. Le film peut encore \u00eatre recoll\u00e9 dans les 20 premi\u00e8res minutes jusqu&#39;\u00e0 ce que la bonne position soit trouv\u00e9e.<\/p>\n<p>\nGrandes zones : il est plus facile de ne pas d\u00e9coller la totalit\u00e9 du film protecteur. Commencez par un c\u00f4t\u00e9 en d\u00e9collant une zone de 20 \/ 30 cm.&nbsp; Lorsque la premi\u00e8re partie du film adh\u00e9sif est fix\u00e9e sans bulles, d\u00e9collez un peu plus du film protecteur et fixez le film adh\u00e9sif. R\u00e9p\u00e9tez jusqu&#39;\u00e0 ce que la feuille enti\u00e8re adh\u00e8re soit correctement coll\u00e9e et lisse.<br \/>\n&nbsp;<\/p>\n","protected":false},"excerpt":{"rendered":"<p><UL><LI>Application facile et pratique<\/LI><LI>Temps de repositionnement 20min<\/LI><LI>R\u00e9sistance \u00e0 l&#39;eau et \u00e0 la chaleur jusqu&#39;\u00e0 50\u00b0<\/LI><LI>Film PVC adh\u00e9sif sans phtalates<\/LI><LI>Adh\u00e9sif d\u00e9coratif haut de gamme avec une \u00e9paisseur sup\u00e9rieure de 0,16mm et une finition mate<\/LI><\/UL><\/p>\n","protected":false},"featured_media":52574,"template":"","meta":[],"product_cat":[909,917],"product_tag":[],"wcpa_form_fields":null,"tiered_pricing_type":"fixed","tiered_pricing_fixed_rules":[],"_links":{"self":[{"href":"https:\/\/www.venilia.com\/fr\/wp-json\/wp\/v2\/product\/26846"}],"collection":[{"href":"https:\/\/www.venilia.com\/fr\/wp-json\/wp\/v2\/product"}],"about":[{"href":"https:\/\/www.venilia.com\/fr\/wp-json\/wp\/v2\/types\/product"}],"wp:featuredmedia":[{"embeddable":true,"href":"https:\/\/www.venilia.com\/fr\/wp-json\/wp\/v2\/media\/52574"}],"wp:attachment":[{"href":"https:\/\/www.venilia.com\/fr\/wp-json\/wp\/v2\/media?parent=26846"}],"wp:term":[{"taxonomy":"product_cat","embeddable":true,"href":"https:\/\/www.venilia.com\/fr\/wp-json\/wp\/v2\/product_cat?post=26846"},{"taxonomy":"product_tag","embeddable":true,"href":"https:\/\/www.venilia.com\/fr\/wp-json\/wp\/v2\/product_tag?post=26846"}],"curies":[{"name":"wp","href":"https:\/\/api.w.org\/{rel}","templated":true}]}}