{"id":26843,"date":"2023-11-02T16:45:52","date_gmt":"2022-06-09T17:23:27","guid":{"rendered":"https:\/\/venilia.insektenschutz365.eu\/p\/tableau-noir-45x150cm\/"},"modified":"2024-04-20T17:50:23","modified_gmt":"2024-04-20T15:50:23","slug":"tableau-noir-45x150cm","status":"publish","type":"product","link":"https:\/\/www.venilia.com\/fr\/p\/tableau-noir-45x150cm\/","title":{"rendered":"Tableau noir &#8211; 45x150cm"},"content":{"rendered":"<p>Film adh\u00e9sif tableau noir,  pour dessiner ou \u00e9crire<\/p>\n","protected":false},"excerpt":{"rendered":"<p><UL><LI>Application facile et pratique<\/LI><LI>Temps de repositionnement 20min<\/LI><LI>R\u00e9sistance \u00e0 l&#39;eau et \u00e0 la chaleur jusqu&#39;\u00e0 50\u00b0<\/LI><\/UL><\/p>\n","protected":false},"featured_media":52559,"template":"","meta":[],"product_cat":[909,914,920],"product_tag":[],"wcpa_form_fields":null,"tiered_pricing_type":"fixed","tiered_pricing_fixed_rules":[],"_links":{"self":[{"href":"https:\/\/www.venilia.com\/fr\/wp-json\/wp\/v2\/product\/26843"}],"collection":[{"href":"https:\/\/www.venilia.com\/fr\/wp-json\/wp\/v2\/product"}],"about":[{"href":"https:\/\/www.venilia.com\/fr\/wp-json\/wp\/v2\/types\/product"}],"wp:featuredmedia":[{"embeddable":true,"href":"https:\/\/www.venilia.com\/fr\/wp-json\/wp\/v2\/media\/52559"}],"wp:attachment":[{"href":"https:\/\/www.venilia.com\/fr\/wp-json\/wp\/v2\/media?parent=26843"}],"wp:term":[{"taxonomy":"product_cat","embeddable":true,"href":"https:\/\/www.venilia.com\/fr\/wp-json\/wp\/v2\/product_cat?post=26843"},{"taxonomy":"product_tag","embeddable":true,"href":"https:\/\/www.venilia.com\/fr\/wp-json\/wp\/v2\/product_tag?post=26843"}],"curies":[{"name":"wp","href":"https:\/\/api.w.org\/{rel}","templated":true}]}}