{"id":26834,"date":"2023-11-02T14:50:58","date_gmt":"2022-06-09T17:23:27","guid":{"rendered":"https:\/\/venilia.insektenschutz365.eu\/p\/adhesif-perfect-metal-anthracite-45x150cm\/"},"modified":"2022-11-01T14:34:43","modified_gmt":"2022-11-01T13:34:43","slug":"adhesif-perfect-metal-anthracite-45x150cm","status":"publish","type":"product","link":"https:\/\/www.venilia.com\/fr\/p\/adhesif-perfect-metal-anthracite-45x150cm\/","title":{"rendered":"Adh\u00e9sif Perfect m\u00e9tal Anthracite &#8211; 45x150cm"},"content":{"rendered":"<p>Vous souhaitez donner un aspect moderne et tendance \u00e0 votre int\u00e9rieur ? Cette gamme d&#39;adh\u00e9sifs est faite pour vous ! Le style \u00e9pur\u00e9, les mati\u00e8res brutes ou chatoyantes et l&#39;esprit industriel. De quoi combiner les reflets de la lumi\u00e8re et les textures.<\/p>\n","protected":false},"excerpt":{"rendered":"<p><UL><LI>Film auto-adh\u00e9sif effet m\u00e9tal sans phtalates<\/LI><LI>Id\u00e9al pour la d\u00e9coration et la r\u00e9novation<\/LI><LI>Application facile et pratique<\/LI><LI>Temps de repositionnement 20min<\/LI><LI>R\u00e9sistance \u00e0 l&#39;eau et \u00e0 la chaleur jusqu&#39;\u00e0 50\u00b0<\/LI><\/UL><\/p>\n","protected":false},"featured_media":668,"template":"","meta":[],"product_cat":[909,914],"product_tag":[],"wcpa_form_fields":null,"tiered_pricing_type":"fixed","tiered_pricing_fixed_rules":[],"_links":{"self":[{"href":"https:\/\/www.venilia.com\/fr\/wp-json\/wp\/v2\/product\/26834"}],"collection":[{"href":"https:\/\/www.venilia.com\/fr\/wp-json\/wp\/v2\/product"}],"about":[{"href":"https:\/\/www.venilia.com\/fr\/wp-json\/wp\/v2\/types\/product"}],"wp:featuredmedia":[{"embeddable":true,"href":"https:\/\/www.venilia.com\/fr\/wp-json\/wp\/v2\/media\/668"}],"wp:attachment":[{"href":"https:\/\/www.venilia.com\/fr\/wp-json\/wp\/v2\/media?parent=26834"}],"wp:term":[{"taxonomy":"product_cat","embeddable":true,"href":"https:\/\/www.venilia.com\/fr\/wp-json\/wp\/v2\/product_cat?post=26834"},{"taxonomy":"product_tag","embeddable":true,"href":"https:\/\/www.venilia.com\/fr\/wp-json\/wp\/v2\/product_tag?post=26834"}],"curies":[{"name":"wp","href":"https:\/\/api.w.org\/{rel}","templated":true}]}}