{"id":26811,"date":"2023-11-02T14:49:14","date_gmt":"2022-05-31T19:21:50","guid":{"rendered":"https:\/\/venilia.insektenschutz365.eu\/p\/adhesif-metal-rond-argent-45x150cm\/"},"modified":"2022-05-31T21:21:57","modified_gmt":"2022-05-31T19:21:57","slug":"adhesif-metal-rond-argent-45x150cm","status":"publish","type":"product","link":"https:\/\/www.venilia.com\/fr\/p\/adhesif-metal-rond-argent-45x150cm\/","title":{"rendered":"Adh\u00e9sif M\u00e9tal rond argent &#8211; 45x150cm"},"content":{"rendered":"<p><span style=&quot;font-size:12px&quot;>Apportez charme et modernit\u00e9 \u00e0 votre int\u00e9rieur en choisissant parmi nos effets mati\u00e8re. Entre les imitations de peau d&#39;animaux, les marbres ou encore la su\u00e9dine, vous aurez le visuel et le toucher pour customiser vos meubles ou objets et leur donner du caract\u00e8re!<\/span><\/p>\n","protected":false},"excerpt":{"rendered":"<p><UL><LI>Application facile et pratique<\/LI><LI>Temps de repositionnement 20min<\/LI><LI>R\u00e9sistance \u00e0 l&#39;eau et \u00e0 la chaleur jusqu&#39;\u00e0 50\u00b0<\/LI><LI>Film PVC adh\u00e9sif sans phtalates<\/LI><\/UL><\/p>\n","protected":false},"featured_media":573,"template":"","meta":[],"product_cat":[909,914],"product_tag":[],"wcpa_form_fields":null,"tiered_pricing_type":"fixed","tiered_pricing_fixed_rules":[],"_links":{"self":[{"href":"https:\/\/www.venilia.com\/fr\/wp-json\/wp\/v2\/product\/26811"}],"collection":[{"href":"https:\/\/www.venilia.com\/fr\/wp-json\/wp\/v2\/product"}],"about":[{"href":"https:\/\/www.venilia.com\/fr\/wp-json\/wp\/v2\/types\/product"}],"wp:featuredmedia":[{"embeddable":true,"href":"https:\/\/www.venilia.com\/fr\/wp-json\/wp\/v2\/media\/573"}],"wp:attachment":[{"href":"https:\/\/www.venilia.com\/fr\/wp-json\/wp\/v2\/media?parent=26811"}],"wp:term":[{"taxonomy":"product_cat","embeddable":true,"href":"https:\/\/www.venilia.com\/fr\/wp-json\/wp\/v2\/product_cat?post=26811"},{"taxonomy":"product_tag","embeddable":true,"href":"https:\/\/www.venilia.com\/fr\/wp-json\/wp\/v2\/product_tag?post=26811"}],"curies":[{"name":"wp","href":"https:\/\/api.w.org\/{rel}","templated":true}]}}