{"id":26789,"date":"2023-11-02T14:48:14","date_gmt":"2022-06-09T17:22:01","guid":{"rendered":"https:\/\/venilia.insektenschutz365.eu\/p\/adhesif-suedine-caramel-45x100cm\/"},"modified":"2024-07-23T16:43:33","modified_gmt":"2024-07-23T14:43:33","slug":"adhesif-suedine-caramel-45x100cm","status":"publish","type":"product","link":"https:\/\/www.venilia.com\/fr\/p\/adhesif-suedine-caramel-45x100cm\/","title":{"rendered":"Adh\u00e9sif Su\u00e9dine caramel &#8211; 45x100cm"},"content":{"rendered":"<p>Les id\u00e9es les plus simples sont parfois les meilleures ! Retrouvez la noblesse des belles mati\u00e8res en utilisant nos adh\u00e9sifs similis. Il y en a pour tous les go\u00fbts : cuir, croco, marbre, su\u00e9dine&#8230; Et laissez libre cours \u00e0 votre imagination et cr\u00e9ativit\u00e9 pour r\u00e9inventer le style n\u00e9o-classique.<\/p>\n","protected":false},"excerpt":{"rendered":"<p><UL><LI>Application facile et pratique<\/LI><LI>Temps de repositionnement 20min<\/LI><LI>R\u00e9sistance \u00e0 l&#39;eau et \u00e0 la chaleur jusqu&#39;\u00e0 50\u00b0<\/LI><LI>Film PVC adh\u00e9sif sans phtalates<\/LI><\/UL><\/p>\n","protected":false},"featured_media":457,"template":"","meta":[],"product_cat":[909,915],"product_tag":[],"wcpa_form_fields":null,"tiered_pricing_type":"fixed","tiered_pricing_fixed_rules":[],"_links":{"self":[{"href":"https:\/\/www.venilia.com\/fr\/wp-json\/wp\/v2\/product\/26789"}],"collection":[{"href":"https:\/\/www.venilia.com\/fr\/wp-json\/wp\/v2\/product"}],"about":[{"href":"https:\/\/www.venilia.com\/fr\/wp-json\/wp\/v2\/types\/product"}],"wp:featuredmedia":[{"embeddable":true,"href":"https:\/\/www.venilia.com\/fr\/wp-json\/wp\/v2\/media\/457"}],"wp:attachment":[{"href":"https:\/\/www.venilia.com\/fr\/wp-json\/wp\/v2\/media?parent=26789"}],"wp:term":[{"taxonomy":"product_cat","embeddable":true,"href":"https:\/\/www.venilia.com\/fr\/wp-json\/wp\/v2\/product_cat?post=26789"},{"taxonomy":"product_tag","embeddable":true,"href":"https:\/\/www.venilia.com\/fr\/wp-json\/wp\/v2\/product_tag?post=26789"}],"curies":[{"name":"wp","href":"https:\/\/api.w.org\/{rel}","templated":true}]}}