{"id":26767,"date":"2023-11-02T14:46:30","date_gmt":"2022-06-09T17:22:01","guid":{"rendered":"https:\/\/venilia.insektenschutz365.eu\/p\/adhesif-marbre-saumon-45x200cm\/"},"modified":"2024-02-16T11:08:58","modified_gmt":"2024-02-16T10:08:58","slug":"adhesif-marbre-saumon-45x200cm","status":"publish","type":"product","link":"https:\/\/www.venilia.com\/fr\/p\/adhesif-marbre-saumon-45x200cm\/","title":{"rendered":"Adh\u00e9sif Marbre saumon &#8211; 45x200cm"},"content":{"rendered":"<p>Tous les go\u00fbts sont dans la nature! Gr\u00e2ce \u00e0 ces adh\u00e9sifs, vous allez pouvoir r\u00e9nover vos meubles et sublimer votre int\u00e9rieur, en cr\u00e9ant des ambiances naturelles et chaleureuses.<\/p>\n","protected":false},"excerpt":{"rendered":"<p><UL><LI>Application facile et pratique<\/LI><LI>Temps de repositionnement 20min<\/LI><LI>R\u00e9sistance \u00e0 l&#39;eau et \u00e0 la chaleur jusqu&#39;\u00e0 50\u00b0<\/LI><LI>Film PVC adh\u00e9sif sans phtalates<\/LI><LI>Surface brillante<\/LI><\/UL><\/p>\n","protected":false},"featured_media":53832,"template":"","meta":[],"product_cat":[909,915],"product_tag":[],"wcpa_form_fields":null,"tiered_pricing_type":"fixed","tiered_pricing_fixed_rules":[],"_links":{"self":[{"href":"https:\/\/www.venilia.com\/fr\/wp-json\/wp\/v2\/product\/26767"}],"collection":[{"href":"https:\/\/www.venilia.com\/fr\/wp-json\/wp\/v2\/product"}],"about":[{"href":"https:\/\/www.venilia.com\/fr\/wp-json\/wp\/v2\/types\/product"}],"wp:featuredmedia":[{"embeddable":true,"href":"https:\/\/www.venilia.com\/fr\/wp-json\/wp\/v2\/media\/53832"}],"wp:attachment":[{"href":"https:\/\/www.venilia.com\/fr\/wp-json\/wp\/v2\/media?parent=26767"}],"wp:term":[{"taxonomy":"product_cat","embeddable":true,"href":"https:\/\/www.venilia.com\/fr\/wp-json\/wp\/v2\/product_cat?post=26767"},{"taxonomy":"product_tag","embeddable":true,"href":"https:\/\/www.venilia.com\/fr\/wp-json\/wp\/v2\/product_tag?post=26767"}],"curies":[{"name":"wp","href":"https:\/\/api.w.org\/{rel}","templated":true}]}}