{"id":26763,"date":"2023-11-02T16:46:33","date_gmt":"2022-06-09T17:21:43","guid":{"rendered":"https:\/\/venilia.insektenschutz365.eu\/p\/adhesif-plancher-gris-45x300cm\/"},"modified":"2024-09-10T12:59:20","modified_gmt":"2024-09-10T10:59:20","slug":"adhesif-plancher-gris-45x300cm","status":"publish","type":"product","link":"https:\/\/www.venilia.com\/fr\/p\/adhesif-plancher-gris-45x300cm\/","title":{"rendered":"Adh\u00e9sif Plancher gris &#8211; 45x300cm"},"content":{"rendered":"<p>Tous les go\u00fbts sont dans la nature ! Gr\u00e2ce \u00e0 ces adh\u00e9sifs, vous allez pouvoir r\u00e9nover vos meubles et sublimer votre int\u00e9rieur, en cr\u00e9ant des ambiances naturelles et chaleureuses.<\/p>\n","protected":false},"excerpt":{"rendered":"<p><UL><LI>Application facile et pratique<\/LI><LI>Temps de repositionnement 20min<\/LI><LI>R\u00e9sistance \u00e0 l&#39;eau et \u00e0 la chaleur jusqu&#39;\u00e0 50\u00b0<\/LI><LI>Film PVC adh\u00e9sif sans phtalates<\/LI><LI>Effet bois en relief et finition satin\u00e9e<\/LI><\/UL><\/p>\n","protected":false},"featured_media":53800,"template":"","meta":[],"product_cat":[909,912],"product_tag":[],"wcpa_form_fields":null,"tiered_pricing_type":"fixed","tiered_pricing_fixed_rules":[],"_links":{"self":[{"href":"https:\/\/www.venilia.com\/fr\/wp-json\/wp\/v2\/product\/26763"}],"collection":[{"href":"https:\/\/www.venilia.com\/fr\/wp-json\/wp\/v2\/product"}],"about":[{"href":"https:\/\/www.venilia.com\/fr\/wp-json\/wp\/v2\/types\/product"}],"wp:featuredmedia":[{"embeddable":true,"href":"https:\/\/www.venilia.com\/fr\/wp-json\/wp\/v2\/media\/53800"}],"wp:attachment":[{"href":"https:\/\/www.venilia.com\/fr\/wp-json\/wp\/v2\/media?parent=26763"}],"wp:term":[{"taxonomy":"product_cat","embeddable":true,"href":"https:\/\/www.venilia.com\/fr\/wp-json\/wp\/v2\/product_cat?post=26763"},{"taxonomy":"product_tag","embeddable":true,"href":"https:\/\/www.venilia.com\/fr\/wp-json\/wp\/v2\/product_tag?post=26763"}],"curies":[{"name":"wp","href":"https:\/\/api.w.org\/{rel}","templated":true}]}}