{"id":9471,"date":"2023-11-02T16:42:19","date_gmt":"2023-11-02T15:42:19","guid":{"rendered":"https:\/\/venilia.insektenschutz365.eu\/p\/klebefolie-olea-2\/"},"modified":"2024-09-16T10:21:54","modified_gmt":"2024-09-16T08:21:54","slug":"klebefolie-fuer-fliesen-olea","status":"publish","type":"product","link":"https:\/\/www.venilia.com\/de\/p\/klebefolie-fuer-fliesen-olea\/","title":{"rendered":"Klebefolie f\u00fcr Fliesen Olea"},"content":{"rendered":"<h2>Fliese, Fliese an der Wand\u2026<\/h2>\n<p>\u2026 mit dieser Folie wirst du stadtbekannt. Wenn Sie Ihren Fliesen einen neuen, schicken Touch verleihen wollen, sind Sie mit dieser Klebefolie f\u00fcr Fliesen bestens beraten. Der Aufkleber&nbsp;ist auf ein&nbsp;g\u00e4ngiges 15&#215;15 cm Format&nbsp;vorgeschnitten, sodass eine&nbsp;Fliese&nbsp;perfekt \u00fcberklebt werden kann.<\/p>\n<h3>Starke und flexible Klebefolie<\/h3>\n<p>Die Dekofolie ist bei Sonneneinstrahlung sehr hitzebest\u00e4ndig, ebenso wie sie wasserbest\u00e4ndig ist. Durch Letzteres eignet sie sich bestens f\u00fcr K\u00fcche und Bad \u2013 glatte Oberfl\u00e4chen werden im Handumdrehen aufgeh\u00fcbscht.&nbsp;Innerhalb von einem Monat kann die Klebefolie neu platziert werden.<\/p>\n","protected":false},"excerpt":{"rendered":"<p><UL><LI>OPTIMALES FORMAT \u2013 Klebefolie auf Fliesengr\u00f6\u00dfe ausgerichtet (15 x 15 cm)<\/LI><LI>VORGESCHNITTEN \u2013 Weniger Arbeit f\u00fcr Sie, 6 St\u00fcck \/ Packung<\/LI><LI>WASSERBEST\u00c4NDIG \u2013 Daher ideal f\u00fcr K\u00fcche und Bad<\/LI><LI>FLEXIBEL \u2013 Bis zu 30 Tage neu platzierbar<\/LI><LI>HOHE HITZEBEST\u00c4NDIGKEIT \u2013 Bei Sonneneinstrahlung<\/LI><\/UL><\/p>\n","protected":false},"featured_media":7447,"template":"","meta":[],"product_cat":[1157,53,1527,1531,1534,1538],"product_tag":[],"wcpa_form_fields":null,"tiered_pricing_type":"fixed","tiered_pricing_fixed_rules":[],"_links":{"self":[{"href":"https:\/\/www.venilia.com\/de\/wp-json\/wp\/v2\/product\/9471"}],"collection":[{"href":"https:\/\/www.venilia.com\/de\/wp-json\/wp\/v2\/product"}],"about":[{"href":"https:\/\/www.venilia.com\/de\/wp-json\/wp\/v2\/types\/product"}],"wp:featuredmedia":[{"embeddable":true,"href":"https:\/\/www.venilia.com\/de\/wp-json\/wp\/v2\/media\/7447"}],"wp:attachment":[{"href":"https:\/\/www.venilia.com\/de\/wp-json\/wp\/v2\/media?parent=9471"}],"wp:term":[{"taxonomy":"product_cat","embeddable":true,"href":"https:\/\/www.venilia.com\/de\/wp-json\/wp\/v2\/product_cat?post=9471"},{"taxonomy":"product_tag","embeddable":true,"href":"https:\/\/www.venilia.com\/de\/wp-json\/wp\/v2\/product_tag?post=9471"}],"curies":[{"name":"wp","href":"https:\/\/api.w.org\/{rel}","templated":true}]}}