{"id":9431,"date":"2023-11-02T16:38:55","date_gmt":"2023-11-02T15:38:55","guid":{"rendered":"https:\/\/venilia.insektenschutz365.eu\/p\/tischset-ribbon-weiss-30x43cm-rechteckig\/"},"modified":"2024-09-19T16:18:21","modified_gmt":"2024-09-19T14:18:21","slug":"tischset-ribbon-weiss-30x43cm-rechteckig","status":"publish","type":"product","link":"https:\/\/www.venilia.com\/de\/p\/tischset-ribbon-weiss-30x43cm-rechteckig\/","title":{"rendered":"Tischset Ribbon wei\u00df &#8211; 30x43cm, rechteckig"},"content":{"rendered":"<h2>Einfach elegant<\/h2>\n<p>F\u00fcr einen eleganten Look am Esstisch sorgen die dezent gemusterten Tischsets. Ihre schimmernde Oberfl\u00e4che verleiht ihnen zus\u00e4tzlich ein edles Aussehen.<\/p>\n<h2>Schonendes Set<\/h2>\n<p>Das Tischset ist nicht nur schnell zur Hand, dank der gepolsterten R\u00fcckseite verrutscht es auch nicht so schnell und Ihr Tisch wird geschont.<\/p>\n<h2>Guten \u2013 lebensmittelechten \u2013 Appetit<\/h2>\n<p>Alle Unterlagen, die u.U. mit Nahrungsmitteln in Kontakt kommen k\u00f6nnen, sollten lebensmittelecht und unbedenklich sein, um gr\u00f6\u00dftm\u00f6gliche Sicherheit zu bieten. Diese Tischsets sind daher gleich zweifach zertifiziert.<\/p>\n","protected":false},"excerpt":{"rendered":"<p><UL><LI>EDEL &#038; ELEGANT \u2013 Edel durch schimmernde Oberfl\u00e4che, kombiniert mit dezent-elegantem Muster (teilw. mit Pr\u00e4gung)<\/LI><LI>RUTSCHFEST &#038; SCHONEND \u2013 Dank gepolsterter R\u00fcckseite wird der Tisch geschont und das Set rutschfest<\/LI><LI>GUT ABWISCHBARE OBERFL\u00c4CHE \u2013 Und daher sehr pflegeleicht<\/LI><LI>FUNKTIONIERT AUF JEDER TISCHFORM \u2013 Und ist somit vielseitig einsetzbar<\/LI><LI>ZWEIFACH ZERTIFIZIERT &#8211; Zertifiziert nach OEKO-TEX Standard 100, au\u00dferdem Food Contact Safe<\/LI><\/UL><\/p>\n","protected":false},"featured_media":7299,"template":"","meta":[],"product_cat":[1540,1544,87],"product_tag":[],"wcpa_form_fields":null,"tiered_pricing_type":"fixed","tiered_pricing_fixed_rules":[],"_links":{"self":[{"href":"https:\/\/www.venilia.com\/de\/wp-json\/wp\/v2\/product\/9431"}],"collection":[{"href":"https:\/\/www.venilia.com\/de\/wp-json\/wp\/v2\/product"}],"about":[{"href":"https:\/\/www.venilia.com\/de\/wp-json\/wp\/v2\/types\/product"}],"wp:featuredmedia":[{"embeddable":true,"href":"https:\/\/www.venilia.com\/de\/wp-json\/wp\/v2\/media\/7299"}],"wp:attachment":[{"href":"https:\/\/www.venilia.com\/de\/wp-json\/wp\/v2\/media?parent=9431"}],"wp:term":[{"taxonomy":"product_cat","embeddable":true,"href":"https:\/\/www.venilia.com\/de\/wp-json\/wp\/v2\/product_cat?post=9431"},{"taxonomy":"product_tag","embeddable":true,"href":"https:\/\/www.venilia.com\/de\/wp-json\/wp\/v2\/product_tag?post=9431"}],"curies":[{"name":"wp","href":"https:\/\/api.w.org\/{rel}","templated":true}]}}