{"id":9415,"date":"2023-11-02T16:37:55","date_gmt":"2023-11-02T15:37:55","guid":{"rendered":"https:\/\/venilia.insektenschutz365.eu\/p\/vitrostatic-fensterfolie-daisy-675x150cm\/"},"modified":"2024-09-16T12:45:50","modified_gmt":"2024-09-16T10:45:50","slug":"vitrostatic-fensterfolie-daisy-675x150cm","status":"publish","type":"product","link":"https:\/\/www.venilia.com\/de\/p\/vitrostatic-fensterfolie-daisy-675x150cm\/","title":{"rendered":"Vitrostatic Fensterfolie Daisy &#8211; 67,5x150cm"},"content":{"rendered":"<h2>Glasdekorfolien als Blickfang am Fenster<\/h2>\n<p>Die extrabreiten Panoramafolien mit tollen Landschaftsbildern sind ein echter Hingucker am Fenster. Die Motive lassen sich&nbsp;von au\u00dfen und innen gleicherma\u00dfen gut erkennen und verleihen jeder Glasfl\u00e4che einen besonderen Touch. Vielseitig einsetzbar zur Dekoration oder als Sichtschutz im Wohn- und Sanit\u00e4rbereich.<\/p>\n<p>Die ohne Klebstoff, selbst haftenden Folien schirmen Sie vor indiskreten Blicken ab und sind gleichzeitig sehr lichtdurchl\u00e4ssig.&nbsp;An der Innenseite von Fensterscheiben, an Duschkabinen, Glast\u00fcren oder&nbsp;Winterg\u00e4rten angebracht, sch\u00fctzen und dekorieren sie zuverl\u00e4ssig. Die Dekorfolien&nbsp;sind wasserbest\u00e4ndig und halten Temperaturunterschieden von +\/-20\u00b0 Grad problemlos stand, ohne sich zu l\u00f6sen. Sie k\u00f6nnen jederzeit&nbsp;wieder entfernt&nbsp;und neu fixiert werden.<\/p>\n","protected":false},"excerpt":{"rendered":"<p><UL><LI>MEHR PRIVATSPH\u00c4RE \u2013 Selbsthaftende Glasdekorfolie zum Schutz vor Blicken<\/LI><LI>F\u00dcR GLASFL\u00c4CHEN \u2013 Wie Fensterscheiben, Glast\u00fcren und Duschkabinen<\/LI><LI>LICHTDURCHL\u00c4SSIG \u2013 Die transparente Folie dunkelt die R\u00e4ume nicht ab, sondern l\u00e4sst weiterhin Licht durch. Sie h\u00e4lt gro\u00dfen Temperaturunterschieden, Sommer wie Winter, stand ohne sich zu l\u00f6sen.<\/LI><LI>MADE IN EU \u2013 Entwicklung und Produktion in Europa. Phthalat frei und REACH-zertifiziert.<\/LI><LI>ANBRINGUNG OHNE KLEBER \u2013 Glasfl\u00e4che reinigen. Schutzfolie abziehen. Glas und Folie mit Wasser benetzen, von innen nach au\u00dfen glattstreichen. R\u00fcckstandslos abl\u00f6sbar und wiederverwendbar.<\/LI><\/UL><\/p>\n","protected":false},"featured_media":7251,"template":"","meta":[],"product_cat":[1553,71,53,1534,1521,1522,1539],"product_tag":[],"wcpa_form_fields":null,"tiered_pricing_type":"fixed","tiered_pricing_fixed_rules":[],"_links":{"self":[{"href":"https:\/\/www.venilia.com\/de\/wp-json\/wp\/v2\/product\/9415"}],"collection":[{"href":"https:\/\/www.venilia.com\/de\/wp-json\/wp\/v2\/product"}],"about":[{"href":"https:\/\/www.venilia.com\/de\/wp-json\/wp\/v2\/types\/product"}],"wp:featuredmedia":[{"embeddable":true,"href":"https:\/\/www.venilia.com\/de\/wp-json\/wp\/v2\/media\/7251"}],"wp:attachment":[{"href":"https:\/\/www.venilia.com\/de\/wp-json\/wp\/v2\/media?parent=9415"}],"wp:term":[{"taxonomy":"product_cat","embeddable":true,"href":"https:\/\/www.venilia.com\/de\/wp-json\/wp\/v2\/product_cat?post=9415"},{"taxonomy":"product_tag","embeddable":true,"href":"https:\/\/www.venilia.com\/de\/wp-json\/wp\/v2\/product_tag?post=9415"}],"curies":[{"name":"wp","href":"https:\/\/api.w.org\/{rel}","templated":true}]}}