{"id":9375,"date":"2023-11-02T16:36:16","date_gmt":"2023-11-02T15:36:16","guid":{"rendered":"https:\/\/venilia.insektenschutz365.eu\/p\/klebefolie-olba\/"},"modified":"2025-02-17T13:07:58","modified_gmt":"2025-02-17T12:07:58","slug":"klebefolie-fuer-treppen-olba","status":"publish","type":"product","link":"https:\/\/www.venilia.com\/de\/p\/klebefolie-fuer-treppen-olba\/","title":{"rendered":"Klebefolie f\u00fcr Treppen Olba"},"content":{"rendered":"<h2>Die Treppe als optisches&nbsp;Highlight<\/h2>\n<p>Mit dieser Klebefolie erstrahlt Ihre Treppe in neuem Glanz. Sie ist auf ein Format vorgeschnitten, das sich optimal f\u00fcr Treppen eignet \u2013 so m\u00fcssen Sie sie nur aufkleben und schon sind Sie fertig.&nbsp;<\/p>\n<p>Noch nicht \u00fcberzeugt? Dann vielleicht jetzt: Die Dekorfolie ist zus\u00e4tzlich noch pflegeleicht. Durch einfaches Abwischen k\u00f6nnen etwaige Verschmutzungen m\u00fchelos wieder entfernt werden.<\/p>\n<h3>Hinweis zur Anwendung<\/h3>\n<p>Die Klebefolie&nbsp;eignet sich f\u00fcr geschlossene Treppen, da hier die&nbsp;R\u00fcckwand \/der Zwischenraum pro&nbsp;Stufe beklebt werden kann. Zum Verkleiden der Auftrittsfl\u00e4che&nbsp;sollte diese Folie nicht verwendet werden.&nbsp;<\/p>\n<h3>Multitalent Klebefolie f\u00fcr die ganze Wohnung<\/h3>\n<p>Die Folie eignet sich nicht nur als Treppenfolie, sondern auch f\u00fcr&nbsp;K\u00fcchen und Badezimmer \u2013 so gut wie jede glatte Oberfl\u00e4che kann mit ihr versch\u00f6nert werden.&nbsp;Innerhalb von 30 Tagen kann die Klebefolie neu platziert werden.<\/p>\n","protected":false},"excerpt":{"rendered":"<p><UL><LI>BLICKFANG: STUFE \u2013 Selbstklebende Folie mit auff\u00e4lligem Motiv zum Aufpeppen der Treppe<\/LI><LI>VORGESCHNITTEN \u2013 Das l\u00e4ngliche Format eignet sich zum Verkleiden von Treppenstufen &#8211; Zwischenr\u00e4umen; 3 St\u00fcck \/ Packung<\/LI><LI>UNKOMPLIZIERT \u2013 M\u00fcheloses Anbringen m\u00f6glich<\/LI><LI>PFLEGELEICHT \u2013 Einfach abwischbar, trocken und feucht<\/LI><LI>F\u00dcR GLATTE FL\u00c4CHEN \u2013 Auch f\u00fcr Bad und K\u00fcche geeignet<\/LI><\/UL><\/p>\n","protected":false},"featured_media":49615,"template":"","meta":[],"product_cat":[1157,53,1527,1531,1534,1538,1532],"product_tag":[],"wcpa_form_fields":null,"tiered_pricing_type":"fixed","tiered_pricing_fixed_rules":[],"_links":{"self":[{"href":"https:\/\/www.venilia.com\/de\/wp-json\/wp\/v2\/product\/9375"}],"collection":[{"href":"https:\/\/www.venilia.com\/de\/wp-json\/wp\/v2\/product"}],"about":[{"href":"https:\/\/www.venilia.com\/de\/wp-json\/wp\/v2\/types\/product"}],"wp:featuredmedia":[{"embeddable":true,"href":"https:\/\/www.venilia.com\/de\/wp-json\/wp\/v2\/media\/49615"}],"wp:attachment":[{"href":"https:\/\/www.venilia.com\/de\/wp-json\/wp\/v2\/media?parent=9375"}],"wp:term":[{"taxonomy":"product_cat","embeddable":true,"href":"https:\/\/www.venilia.com\/de\/wp-json\/wp\/v2\/product_cat?post=9375"},{"taxonomy":"product_tag","embeddable":true,"href":"https:\/\/www.venilia.com\/de\/wp-json\/wp\/v2\/product_tag?post=9375"}],"curies":[{"name":"wp","href":"https:\/\/api.w.org\/{rel}","templated":true}]}}