{"id":9365,"date":"2023-11-02T16:36:16","date_gmt":"2023-11-02T15:36:16","guid":{"rendered":"https:\/\/venilia.insektenschutz365.eu\/p\/fliesenspiegelfolie-obolus-grau\/"},"modified":"2024-08-13T09:24:18","modified_gmt":"2024-08-13T07:24:18","slug":"selbstklebende-aluminium-rueckwand-obolus-grau","status":"publish","type":"product","link":"https:\/\/www.venilia.com\/de\/p\/selbstklebende-aluminium-rueckwand-obolus-grau\/","title":{"rendered":"Selbstklebende Aluminium-R\u00fcckwand Obolus grau"},"content":{"rendered":"<h2>K\u00fcchenprofi:Klebefolie &#8211;&nbsp;stark und schick<\/h2>\n<p>Diese Klebefolie mit Aluminiumr\u00fcckwand ist ein wahrer K\u00fcchenheld: Einfach aufkleben und schon hat Ihre K\u00fcche ein neues Design!<\/p>\n<p>Und das Gute daran: Die Platte&nbsp;ist nicht nur ein Hingucker, sondern dabei noch wasserfest und leicht abwischbar \u2013 es darf beim Kochen also auch gerne etwas auf die Folie spritzen.<\/p>\n<h3>Hitze in der K\u00fcche? Kein Problem!<\/h3>\n<p>Dank der Aluminiumr\u00fcckwand k\u00f6nnen sogar hei\u00dfere K\u00fcchenbereiche wie Ofen, Herd und Dunstabzug beklebt werden. Die Folie ist bis 90\u00b0C hitzebest\u00e4ndig.<\/p>\n","protected":false},"excerpt":{"rendered":"<p><UL><LI>STARKER K\u00dcCHENPROFI \u2013 Selbstklebende Platte als Blickfang an Fliesen, Ofen und Dunstabzug<\/LI><LI>H\u00c4LT VON ALLEINE \u2013 Mit Aluminium-R\u00fcckwand, speziell f\u00fcr K\u00fcchenbereiche<\/LI><LI>HITZEBEST\u00c4NDIG \u2013 Bis 90\u00b0C<\/LI><LI>EASY \u2013 Schnelle und einfache Anbringung<\/LI><LI>PFLEGELEICHT \u2013 Mit einem feuchten Schwamm abwischbar<\/LI><\/UL><\/p>\n","protected":false},"featured_media":7143,"template":"","meta":[],"product_cat":[1156],"product_tag":[],"wcpa_form_fields":null,"tiered_pricing_type":"fixed","tiered_pricing_fixed_rules":[],"_links":{"self":[{"href":"https:\/\/www.venilia.com\/de\/wp-json\/wp\/v2\/product\/9365"}],"collection":[{"href":"https:\/\/www.venilia.com\/de\/wp-json\/wp\/v2\/product"}],"about":[{"href":"https:\/\/www.venilia.com\/de\/wp-json\/wp\/v2\/types\/product"}],"wp:featuredmedia":[{"embeddable":true,"href":"https:\/\/www.venilia.com\/de\/wp-json\/wp\/v2\/media\/7143"}],"wp:attachment":[{"href":"https:\/\/www.venilia.com\/de\/wp-json\/wp\/v2\/media?parent=9365"}],"wp:term":[{"taxonomy":"product_cat","embeddable":true,"href":"https:\/\/www.venilia.com\/de\/wp-json\/wp\/v2\/product_cat?post=9365"},{"taxonomy":"product_tag","embeddable":true,"href":"https:\/\/www.venilia.com\/de\/wp-json\/wp\/v2\/product_tag?post=9365"}],"curies":[{"name":"wp","href":"https:\/\/api.w.org\/{rel}","templated":true}]}}