{"id":9271,"date":"2023-11-02T16:32:32","date_gmt":"2023-11-02T15:32:32","guid":{"rendered":"https:\/\/venilia.insektenschutz365.eu\/p\/klebefolie-greenline-terrazzo-45x200cm\/"},"modified":"2026-04-11T14:55:30","modified_gmt":"2026-04-11T12:55:30","slug":"klebefolie-greenline-terrazzo-45x200cm","status":"publish","type":"product","link":"https:\/\/www.venilia.com\/de\/p\/klebefolie-greenline-terrazzo-45x200cm\/","title":{"rendered":"Klebefolie Greenline terrazzo"},"content":{"rendered":"<h2>Frischer Wind f\u00fcr Ihre alten M\u00f6bel<\/h2>\n<p>Sie l(i)eben Individualismus und haben auch bei Ihren M\u00f6beln keine Lust auf Einheitsbrei? Mit V\u00e9nilia kein Problem! Aus alten M\u00f6beln werden Ihre ganz eigenen, individuellen Designerst\u00fccke. Da freut sich nicht nur der Geldbeutel, sondern auch die Umwelt. Denn: Alle Folien aus der V\u00e9nilia Greenline Serie bestehen aus 100% recyceltem Plastik.<\/p>\n<p>Ob schlichter Minimalismus, bunte Farben oder moderne Muster \u2013 Sie haben die Wahl!<\/p>\n<h3>REDUCE. REUSE. RECYCLE. UPCYCLE.<\/h3>\n<p>Mit den\u00a0V\u00e9nilia Greenline Folien geht das jetzt noch nachhaltiger! Sie sind zu\u00a0100% aus recyceltem Plastik hergestellt, enthalten keine sch\u00e4dlichen Weichmacher\u00a0und werden in der EU produziert.\u00a0Ob Pastellfarben, Materialoptik oder schlichte Naturfarben \u2013 hier ist f\u00fcr jeden Geschmack das passende Design dabei.\u00a0Mit den Dekorfolien V\u00e9nilia lassen sich nicht nur M\u00f6bel upcyceln, sie eignen sich auch perfekt f\u00fcr Bastelarbeiten und Versch\u00f6nerungen jeder Art.<\/p>\n<p>Die 95\u00b5 starken Klebefolien sind robust, leicht anzubringen, abwischbar und hitzeresistent. Sie eignen sich ideal zum Basteln und Bekleben von M\u00f6beln und Oberfl\u00e4chen aller Art, wie z. B. Tabletts, Schmuckk\u00e4sten, Glas, Kartons. Sie sehen nicht nur sch\u00f6n aus, sondern sorgen dank ihrer wasser- und schmutzabweisenden\u00a0Eigenschaft auch f\u00fcr pflegeleichte M\u00f6bel.<\/p>\n","protected":false},"excerpt":{"rendered":"<ul>\n<li>AUFH\u00dcBSCHEN, AUFM\u00d6BELN, AUFWERTEN \u2013 Die selbstklebenden M\u00f6belfolien in verschiedenen Designs inspirieren zu fantasievollen Kreationen. Schmucklose, alte oder gebrauchte M\u00f6bel und Gegenst\u00e4nde werden mit etwas Kreativit\u00e4t zu echten Eyecatchern.<\/li>\n<li>KLEBEN STATT KLECKERN \u2013 Dekorfolien sind eine l\u00e4ssige Alternative zu Farbe und Pinsel. Easy to use, kann man sie auch auf kleinstem Raum, mit wenig Aufwand, ohne Vorkenntnisse oder besonderes Werkzeug verwenden.<\/li>\n<li>REDUCE. REUSE. RECYCLE. \u2013 Die Greenline Dekorfolien bestehen zu 100% aus recyceltem Plastik, sind 95\u00b5 stark, phthalatfrei, geruchsneutral und werden in der EU produziert.<\/li>\n<li>PFLEGELEICHT IM ALLTAG \u2013 Die glatte Folienoberfl\u00e4che ist wasser- und schmutzabweisend, einfach zum Abstauben oder Abwischen und sch\u00fctzt den Untergrund vor dem ein oder anderen Kratzer.<\/li>\n<li>M\u00dcHELOSE ANWENDUNG AUF OBERFL\u00c4CHEN ALLER ART \u2013 Messen, zuschneiden, Schutzfolie abziehen, positionieren, glattstreichen, 20 Minuten warten \u2013 fertig. Das r\u00fcckseitige Tr\u00e4gerpapier mit Hilfsraster erleichtert die Verarbeitung.<\/li>\n<\/ul>\n","protected":false},"featured_media":6937,"template":"","meta":[],"product_cat":[53,1527,154,1531,1530,1534,1535],"product_tag":[],"wcpa_form_fields":null,"tiered_pricing_type":"fixed","tiered_pricing_fixed_rules":[],"_links":{"self":[{"href":"https:\/\/www.venilia.com\/de\/wp-json\/wp\/v2\/product\/9271"}],"collection":[{"href":"https:\/\/www.venilia.com\/de\/wp-json\/wp\/v2\/product"}],"about":[{"href":"https:\/\/www.venilia.com\/de\/wp-json\/wp\/v2\/types\/product"}],"wp:featuredmedia":[{"embeddable":true,"href":"https:\/\/www.venilia.com\/de\/wp-json\/wp\/v2\/media\/6937"}],"wp:attachment":[{"href":"https:\/\/www.venilia.com\/de\/wp-json\/wp\/v2\/media?parent=9271"}],"wp:term":[{"taxonomy":"product_cat","embeddable":true,"href":"https:\/\/www.venilia.com\/de\/wp-json\/wp\/v2\/product_cat?post=9271"},{"taxonomy":"product_tag","embeddable":true,"href":"https:\/\/www.venilia.com\/de\/wp-json\/wp\/v2\/product_tag?post=9271"}],"curies":[{"name":"wp","href":"https:\/\/api.w.org\/{rel}","templated":true}]}}