{"id":9191,"date":"2023-11-02T16:29:14","date_gmt":"2023-11-02T15:29:14","guid":{"rendered":"https:\/\/venilia.insektenschutz365.eu\/p\/tischdecke-weiss-180cm-rund\/"},"modified":"2024-09-19T16:29:36","modified_gmt":"2024-09-19T14:29:36","slug":"tischdecke-weiss-180cm-rund","status":"publish","type":"product","link":"https:\/\/www.venilia.com\/de\/p\/tischdecke-weiss-180cm-rund\/","title":{"rendered":"Tischdecke wei\u00df &#8211; 180cm, rund"},"content":{"rendered":"<h2>Flie\u00dfend leicht den Tisch decken<\/h2>\n<p>Diese Polyester-Tischdecken sind der Inbegriff von Vielfalt: Sowohl bei den Designs als auch bei der Form gl\u00e4nzen sie durch gro\u00dfe Auswahl. Von dezent bis auff\u00e4llig, von oval \u00fcber rund bis hin zu rechteckig oder quadratisch \u2013 Hier ist f\u00fcr jeden etwas dabei! Dabei sind die Tischdecken sehr leicht und fallen sch\u00f6n \u2013 So sorgen sie f\u00fcr ein ganz besonderes Flair am (Ess-)Tisch.<\/p>\n<h2>Keine Flecken in Sicht<\/h2>\n<p>Diese Tischdecke sch\u00fctzt sich selbst und den Tisch vor Flecken \u2013 und das allein durch ihr Material. Denn dieses ist flecken- und wasserabweisend, wodurch auch das Durchsickern von Fl\u00fcssigkeiten verhindert wird.<\/p>\n<h2>So pflegeleicht wie nie<\/h2>\n<p>Egal, ob Spritzer, Patzer oder Fleck: Ein feuchtes Tuch reicht, um diese wieder loszuwerden \u2013 damit Sie weniger Arbeit haben. Bei 30\u00b0C kann sie aber ab und zu auch in der Waschmaschine gewaschen werden (ohne Schleudern). Sie muss nicht geb\u00fcgelt werden und ist innerhalb von einer Stunde an der Luft getrocknet.<\/p>\n<h2>Lebensmittelechter Genuss<\/h2>\n<p>Die V\u00e9nilia Tischdecken sind sicher und k\u00f6nnen au\u00dferdem unbedenklich mit Lebensmittel in Ber\u00fchrung kommen. So k\u00f6nnen Sie unbeschwert genie\u00dfen!&nbsp;<\/p>\n","protected":false},"excerpt":{"rendered":"<p><UL><LI>SCH\u00d6N GEDECKTER ESSTISCH \u2013 Ob f\u00fcr den Alltag oder einen speziellen Anlass, ob dezent oder auff\u00e4llig: die V\u00e9nilia Tischdecken pr\u00e4sentieren sich in vielen verschiedenen Designs.<\/LI><LI>ATTRAKTIVE OPTIK UND HAPTIK \u2013 Die Tischdecke f\u00fchlt sich angenehm weich an und f\u00e4llt flie\u00dfend leicht. Umlaufend ist sie mit einem farblich passenden Band ges\u00e4umt.<\/LI><LI>F\u00dcR JEDEN TISCH DIE RICHTIGE FORM \u2013 F\u00fcr den perfekten Auftritt sorgt Tischw\u00e4sche in verschiedenen Gr\u00f6\u00dfen und Formen \u2013 von rechteckig, oval, zu rund oder quadratisch.<\/LI><LI>SAUBER UND FLECKENFREI \u2013 Das Material ist wasser- und schmutzabweisend. Fl\u00fcssigkeiten perlen ab, Klekse und Spritzer sind einfach mit einem Tuch zu entfernen. Maschinenw\u00e4sche bei 30\u00b0C m\u00f6glich. Trocknet innerhalb 1 Stunde an der Luft.<\/LI><LI>ZERTIFIZIERT &#038; SICHER \u2013 Die Tischdecke erf\u00fcllt den OEKO-TEX Standard 100 und ist \u201eFood Contact\u201c zertifiziert<\/LI><\/UL><\/p>\n","protected":false},"featured_media":6703,"template":"","meta":[],"product_cat":[152,1559,1540,83],"product_tag":[],"wcpa_form_fields":null,"tiered_pricing_type":"fixed","tiered_pricing_fixed_rules":[],"_links":{"self":[{"href":"https:\/\/www.venilia.com\/de\/wp-json\/wp\/v2\/product\/9191"}],"collection":[{"href":"https:\/\/www.venilia.com\/de\/wp-json\/wp\/v2\/product"}],"about":[{"href":"https:\/\/www.venilia.com\/de\/wp-json\/wp\/v2\/types\/product"}],"wp:featuredmedia":[{"embeddable":true,"href":"https:\/\/www.venilia.com\/de\/wp-json\/wp\/v2\/media\/6703"}],"wp:attachment":[{"href":"https:\/\/www.venilia.com\/de\/wp-json\/wp\/v2\/media?parent=9191"}],"wp:term":[{"taxonomy":"product_cat","embeddable":true,"href":"https:\/\/www.venilia.com\/de\/wp-json\/wp\/v2\/product_cat?post=9191"},{"taxonomy":"product_tag","embeddable":true,"href":"https:\/\/www.venilia.com\/de\/wp-json\/wp\/v2\/product_tag?post=9191"}],"curies":[{"name":"wp","href":"https:\/\/api.w.org\/{rel}","templated":true}]}}