{"id":9141,"date":"2023-11-02T16:26:38","date_gmt":"2023-11-02T15:26:38","guid":{"rendered":"https:\/\/venilia.insektenschutz365.eu\/p\/tischset-spider-taupe-4-stueck\/"},"modified":"2024-09-19T16:18:24","modified_gmt":"2024-09-19T14:18:24","slug":"tischset-spider-taupe-4-stueck","status":"publish","type":"product","link":"https:\/\/www.venilia.com\/de\/p\/tischset-spider-taupe-4-stueck\/","title":{"rendered":"Tischset Spider taupe, 4 St\u00fcck"},"content":{"rendered":"<p><strong>Echte Allrounder am Tisch<\/strong><\/p>\n<p>Raffiniert und vielseitig einsetzbar: in verschiedenen Farben, Designs &amp; Materialien entfalten die kleinen Platzsets ihre gro\u00dfe Wirkung. Ob f\u00fcr den Esstisch,&nbsp;als sch\u00f6ner Blickfang auf der Kommode&nbsp;oder&nbsp;als cooler Untersetzer f\u00fcr die Kaffeemaschine: Sie finden einen Platz zum Versch\u00f6nern!<\/p>\n<p>Die gewebten Modelle&nbsp;sind zertifiziert nach &#39;STANDARD 100 by OEKO-TEX\u00ae&nbsp;und k\u00f6nnen daher unbedenklich mit Lebensmittel in Ber\u00fchrung kommen.<\/p>\n","protected":false},"excerpt":{"rendered":"<p><UL><LI>Elegantes Platzset aus gewebtem Kunststoff<\/LI><LI>Pflegeleicht und einfach zu reinigen<\/LI><LI>Sch\u00fctzt die Tischplatte vor Kratzern<\/LI><LI>Lebensmittelecht nach OEKO-TEX Standard 100<\/LI><LI>Passend zu jeder Tischform<\/LI><\/UL><\/p>\n","protected":false},"featured_media":5609,"template":"","meta":[],"product_cat":[88,1540,1544,87],"product_tag":[],"wcpa_form_fields":null,"tiered_pricing_type":"fixed","tiered_pricing_fixed_rules":[],"_links":{"self":[{"href":"https:\/\/www.venilia.com\/de\/wp-json\/wp\/v2\/product\/9141"}],"collection":[{"href":"https:\/\/www.venilia.com\/de\/wp-json\/wp\/v2\/product"}],"about":[{"href":"https:\/\/www.venilia.com\/de\/wp-json\/wp\/v2\/types\/product"}],"wp:featuredmedia":[{"embeddable":true,"href":"https:\/\/www.venilia.com\/de\/wp-json\/wp\/v2\/media\/5609"}],"wp:attachment":[{"href":"https:\/\/www.venilia.com\/de\/wp-json\/wp\/v2\/media?parent=9141"}],"wp:term":[{"taxonomy":"product_cat","embeddable":true,"href":"https:\/\/www.venilia.com\/de\/wp-json\/wp\/v2\/product_cat?post=9141"},{"taxonomy":"product_tag","embeddable":true,"href":"https:\/\/www.venilia.com\/de\/wp-json\/wp\/v2\/product_tag?post=9141"}],"curies":[{"name":"wp","href":"https:\/\/api.w.org\/{rel}","templated":true}]}}