{"id":9081,"date":"2023-11-02T16:21:15","date_gmt":"2023-11-02T15:21:15","guid":{"rendered":"https:\/\/venilia.insektenschutz365.eu\/p\/tischset-fuchsia-4-stueck\/"},"modified":"2024-09-19T16:18:30","modified_gmt":"2024-09-19T14:18:30","slug":"tischset-fuchsia-4-stueck","status":"publish","type":"product","link":"https:\/\/www.venilia.com\/de\/p\/tischset-fuchsia-4-stueck\/","title":{"rendered":"Tischset Fuchsia, 4 St\u00fcck"},"content":{"rendered":"<p><strong>Passende Platzsets f\u00fcr jede Stimmung<\/strong><\/p>\n<p>Die praktischen Tischsets sind wahre Allesk\u00f6nner. Ob einf\u00e4rbig, knallbunt, mit grafischen Mustern, Gute-Laune-machenden Spr\u00fcchen oder appetitanregenden Motiven: sie schaffen \u00fcberall Stimmung! Blitzschnell aufgelegt ist man mit ihnen f\u00fcr jeden Anlass bestens ger\u00fcstet. Leicht abwischbar, lebensmittelecht und aus stabilem Kunststoff gemacht, sch\u00fctzen sie au\u00dferdem Tischplatten und Oberfl\u00e4chen vor Kratzern.&nbsp;<\/p>\n<p>Die glatten Platzsets sind zertifiziert nach &#39;STANDARD 100 by OEKO-TEX\u00ae&nbsp;und k\u00f6nnen daher unbedenklich mit Lebensmittel in Ber\u00fchrung kommen.<\/p>\n","protected":false},"excerpt":{"rendered":"<p><UL><LI>Bedrucktes Tischset aus Kunststoff mit Soft Finishing<\/LI><LI>Rechteckige Form mit abgerundeten Ecken<\/LI><LI>Gut abwischbare Oberfl\u00e4che<\/LI><LI>Lebensmittelecht &#038; stabil verarbeitet<\/LI><LI>Passend zu jeder Tischform<\/LI><\/UL><\/p>\n","protected":false},"featured_media":2222,"template":"","meta":[],"product_cat":[91,1540,1544,87],"product_tag":[],"wcpa_form_fields":null,"tiered_pricing_type":"fixed","tiered_pricing_fixed_rules":[],"_links":{"self":[{"href":"https:\/\/www.venilia.com\/de\/wp-json\/wp\/v2\/product\/9081"}],"collection":[{"href":"https:\/\/www.venilia.com\/de\/wp-json\/wp\/v2\/product"}],"about":[{"href":"https:\/\/www.venilia.com\/de\/wp-json\/wp\/v2\/types\/product"}],"wp:featuredmedia":[{"embeddable":true,"href":"https:\/\/www.venilia.com\/de\/wp-json\/wp\/v2\/media\/2222"}],"wp:attachment":[{"href":"https:\/\/www.venilia.com\/de\/wp-json\/wp\/v2\/media?parent=9081"}],"wp:term":[{"taxonomy":"product_cat","embeddable":true,"href":"https:\/\/www.venilia.com\/de\/wp-json\/wp\/v2\/product_cat?post=9081"},{"taxonomy":"product_tag","embeddable":true,"href":"https:\/\/www.venilia.com\/de\/wp-json\/wp\/v2\/product_tag?post=9081"}],"curies":[{"name":"wp","href":"https:\/\/api.w.org\/{rel}","templated":true}]}}