{"id":9077,"date":"2023-11-02T16:21:15","date_gmt":"2023-11-02T15:21:15","guid":{"rendered":"https:\/\/venilia.insektenschutz365.eu\/p\/tischtuchklammer-plastik-transparent-4-stueck\/"},"modified":"2024-09-19T16:29:40","modified_gmt":"2024-09-19T14:29:40","slug":"tischtuchklammer-transparent-4-stueck","status":"publish","type":"product","link":"https:\/\/www.venilia.com\/de\/p\/tischtuchklammer-transparent-4-stueck\/","title":{"rendered":"Tischtuchklammer transparent &#8211; 4 St\u00fcck"},"content":{"rendered":"<h2>Tischdecken und Tischschoner festhalten<\/h2>\n<p>Vom Winde verweht? Jetzt nicht mehr!&nbsp;<\/p>\n<p><strong>Tischtuchbeschwerer <\/strong>helfen Ihnen, das Davonfliegen Ihrer Tischdecke zu verhindern. Dank der magnetischen Wirkung halten sie sicher an der Decke und geben ihr das n\u00f6tige Gewicht, um an Ort und Stelle zu bleiben.&nbsp;Sie k\u00f6nnen die Beschwerer dabei gleichzeitig als optisches Highlight nutzen. Dank ihres Designs machen sie Ihre Tischdecke zus\u00e4tzlich zu einem Hingucker.<\/p>\n<p><strong>Tischtuchklammern<\/strong> helfen Ihnen, das Davonfliegen Ihrer Tischdecke zu verhindern. Sie sind robust und k\u00f6nnen dank Federmechanismus einfach angebracht werden. Die Tischdeckenklammer ist sowohl im Innen- als auch im Au\u00dfenbereich anwendbar.<\/p>\n","protected":false},"excerpt":{"rendered":"<p><UL><LI>PRAKTISCHE FIXIERUNG \u2013 Von Tischdecken am Tisch<\/LI><LI>UNAUFF\u00c4LLIG \u2013 Transparente Tischdeckenklammern aus widerstandsf\u00e4higem Kunststoff<\/LI><LI>RASCHE BEFESTIGUNG \u2013 Dank Federmechanismus k\u00f6nnen die Klammern schnell angebracht werden<\/LI><LI>FLEXIBEL \u2013 Einsetzbar im Innen- und Au\u00dfenbereich<\/LI><LI>SET &#8211; 4 Tischtuchklammern<\/LI><\/UL><\/p>\n","protected":false},"featured_media":6491,"template":"","meta":[],"product_cat":[1559,1540,83,95],"product_tag":[],"wcpa_form_fields":null,"tiered_pricing_type":"fixed","tiered_pricing_fixed_rules":[],"_links":{"self":[{"href":"https:\/\/www.venilia.com\/de\/wp-json\/wp\/v2\/product\/9077"}],"collection":[{"href":"https:\/\/www.venilia.com\/de\/wp-json\/wp\/v2\/product"}],"about":[{"href":"https:\/\/www.venilia.com\/de\/wp-json\/wp\/v2\/types\/product"}],"wp:featuredmedia":[{"embeddable":true,"href":"https:\/\/www.venilia.com\/de\/wp-json\/wp\/v2\/media\/6491"}],"wp:attachment":[{"href":"https:\/\/www.venilia.com\/de\/wp-json\/wp\/v2\/media?parent=9077"}],"wp:term":[{"taxonomy":"product_cat","embeddable":true,"href":"https:\/\/www.venilia.com\/de\/wp-json\/wp\/v2\/product_cat?post=9077"},{"taxonomy":"product_tag","embeddable":true,"href":"https:\/\/www.venilia.com\/de\/wp-json\/wp\/v2\/product_tag?post=9077"}],"curies":[{"name":"wp","href":"https:\/\/api.w.org\/{rel}","templated":true}]}}