{"id":9056,"date":"2023-11-02T16:19:44","date_gmt":"2023-11-02T15:19:44","guid":{"rendered":"https:\/\/venilia.insektenschutz365.eu\/p\/venisol-anti-rutsch-teppich-grey-tiles-65x120cm\/"},"modified":"2024-08-13T09:20:10","modified_gmt":"2024-08-13T07:20:10","slug":"venisol-anti-rutsch-teppich-grey-tiles-65x120cm","status":"publish","type":"product","link":"https:\/\/www.venilia.com\/de\/p\/venisol-anti-rutsch-teppich-grey-tiles-65x120cm\/","title":{"rendered":"Venisol Anti-Rutsch Teppich Grey tiles, 65x120cm"},"content":{"rendered":"<h2>F\u00fcr Farbe und Schutz in Ihrem Zuhause<\/h2>\n<p>Kratzern und Dellen k\u00f6nnen Sie mit diesem rutschfesten und vielfach einsetzbaren Bodenteppich Ade sagen. Gleichzeitig bringen Sie Farbe in Ihr Zuhause.<\/p>\n<h2>Atmungsaktive Barfu\u00dfmatte mit vielen Vorteilen<\/h2>\n<p>Wer einen rutschfesten und gleichzeitig antibakteriellen Teppich m\u00f6chte, ist mit Venisol gut beraten. Seine atmungsaktive Struktur f\u00f6rdert die Wasserverdunstung und den Wasserabfluss, au\u00dferdem ist er schnell wieder trocken. Durch diese Eigenschaften eignet er sich auch besonders als Barfu\u00dfmatte in Nass- und Hygienebereichen.<\/p>\n<h2>Indoor- und Outdoor-Profi<\/h2>\n<p>Durch seine UV-Stabilit\u00e4t und seine Eignung f\u00fcr Fu\u00dfbodenheizungen kann der Anti-Rutsch-Teppich sowohl im Innen- als auch im Au\u00dfenbereich bedenkenlos eingesetzt werden.<\/p>\n","protected":false},"excerpt":{"rendered":"<p><UL><LI>ANTI-RUTSCH-EFFEKT \u2013 Rutschfester Bodenteppich mit weicher Oberfl\u00e4che<\/LI><LI>DOPPELT ISOLIEREND \u2013 Sowohl k\u00e4lte- als auch w\u00e4rmeisolierend<\/LI><LI>3-FACH STARK \u2013 Wasser- und schmutzabweisend, ger\u00e4uschd\u00e4mpfend<\/LI><LI>UV-STABIL \u2013 Daher ist sie im Innen- und Au\u00dfenbereich einsetzbar<\/LI><LI>GEEIGNET F\u00dcR FU\u00dfBODENHEIZUNGEN \u2013 Bis zu 27\u00b0C sind f\u00fcr diese Rutschmatte kein Problem<\/LI><\/UL><\/p>\n","protected":false},"featured_media":6434,"template":"","meta":[],"product_cat":[111,112],"product_tag":[],"wcpa_form_fields":null,"tiered_pricing_type":"fixed","tiered_pricing_fixed_rules":[],"_links":{"self":[{"href":"https:\/\/www.venilia.com\/de\/wp-json\/wp\/v2\/product\/9056"}],"collection":[{"href":"https:\/\/www.venilia.com\/de\/wp-json\/wp\/v2\/product"}],"about":[{"href":"https:\/\/www.venilia.com\/de\/wp-json\/wp\/v2\/types\/product"}],"wp:featuredmedia":[{"embeddable":true,"href":"https:\/\/www.venilia.com\/de\/wp-json\/wp\/v2\/media\/6434"}],"wp:attachment":[{"href":"https:\/\/www.venilia.com\/de\/wp-json\/wp\/v2\/media?parent=9056"}],"wp:term":[{"taxonomy":"product_cat","embeddable":true,"href":"https:\/\/www.venilia.com\/de\/wp-json\/wp\/v2\/product_cat?post=9056"},{"taxonomy":"product_tag","embeddable":true,"href":"https:\/\/www.venilia.com\/de\/wp-json\/wp\/v2\/product_tag?post=9056"}],"curies":[{"name":"wp","href":"https:\/\/api.w.org\/{rel}","templated":true}]}}