{"id":9028,"date":"2023-11-02T16:18:22","date_gmt":"2023-11-02T15:18:22","guid":{"rendered":"https:\/\/venilia.insektenschutz365.eu\/p\/klebefolie-glitter-pink-45x200cm\/"},"modified":"2024-09-16T10:28:17","modified_gmt":"2024-09-16T08:28:17","slug":"klebefolie-glitter-pink-45x200cm","status":"publish","type":"product","link":"https:\/\/www.venilia.com\/de\/p\/klebefolie-glitter-pink-45x200cm\/","title":{"rendered":"Klebefolie Glitter pink &#8211; 45x200cm"},"content":{"rendered":"<h2>Klebefolien mit WOW-Effekt<\/h2>\n<p>Optik und Haptik vereint: V\u00e9nilia Klebefolien bieten nicht nur ein stylisches Aussehen, sondern auch das passende &#8222;Feeling&#8220; verschiedener Materialien in einem. Die Materialeffekte geben Tischen, Regalen, Schmuckschatullen und Co im Nu einen v\u00f6llig anderen Look. Die Dekorfolien sind robust, leicht anzubringen und hitzeresistent. Designt und produziert werden sie in Europa, selbstverst\u00e4ndlich komplett frei von Phthalaten (sch\u00e4dlichen Weichmachern).<\/p>\n<h3>F\u00fcr fast alle Oberfl\u00e4chen geeignet<\/h3>\n<p>Mit dieser Klebefolie k\u00f6nnen Sie M\u00f6bel aller Art, Schmuckk\u00e4sten, Glas, Tabletts und Co. umgestalten. Nach 20 Minuten entfaltet sie ihre Klebekraft, vorher kann sie noch neu ausgerichtet werden. M\u00f6chten Sie irgendwann eine neue Ver\u00e4nderung, kann die Effektfolie leicht wieder abgenommen werden.<\/p>\n","protected":false},"excerpt":{"rendered":"<ul>\n<li>Selbstklebende Folie mit Glitzereffekt<\/li>\n<li>Hohe Wasser- und Hitzebest\u00e4ndigkeit in Innenr\u00e4umen<\/li>\n<li>Einfach anzubringen, 20 min Fixierungszeit<\/li>\n<li>Qualitative 95\u00b5 St\u00e4rke ohne Phtalate<\/li>\n<li>Ideal f\u00fcr kleinere Fl\u00e4chen &amp; Bastelarbeiten<\/li>\n<\/ul>\n","protected":false},"featured_media":6382,"template":"","meta":[],"product_cat":[53,1527,61,1531,1537,1530,1534],"product_tag":[],"wcpa_form_fields":null,"tiered_pricing_type":"fixed","tiered_pricing_fixed_rules":[],"_links":{"self":[{"href":"https:\/\/www.venilia.com\/de\/wp-json\/wp\/v2\/product\/9028"}],"collection":[{"href":"https:\/\/www.venilia.com\/de\/wp-json\/wp\/v2\/product"}],"about":[{"href":"https:\/\/www.venilia.com\/de\/wp-json\/wp\/v2\/types\/product"}],"wp:featuredmedia":[{"embeddable":true,"href":"https:\/\/www.venilia.com\/de\/wp-json\/wp\/v2\/media\/6382"}],"wp:attachment":[{"href":"https:\/\/www.venilia.com\/de\/wp-json\/wp\/v2\/media?parent=9028"}],"wp:term":[{"taxonomy":"product_cat","embeddable":true,"href":"https:\/\/www.venilia.com\/de\/wp-json\/wp\/v2\/product_cat?post=9028"},{"taxonomy":"product_tag","embeddable":true,"href":"https:\/\/www.venilia.com\/de\/wp-json\/wp\/v2\/product_tag?post=9028"}],"curies":[{"name":"wp","href":"https:\/\/api.w.org\/{rel}","templated":true}]}}