{"id":9020,"date":"2023-11-02T16:18:22","date_gmt":"2023-11-02T15:18:22","guid":{"rendered":"https:\/\/venilia.insektenschutz365.eu\/p\/tischdecke-litchi-140cm-rund\/"},"modified":"2025-01-12T20:04:35","modified_gmt":"2025-01-12T19:04:35","slug":"tischdecke-litchi-140cm-rund","status":"publish","type":"product","link":"https:\/\/www.venilia.com\/de\/p\/tischdecke-litchi-140cm-rund\/","title":{"rendered":"Tischdecke Litchi &#8211; 140cm, rund"},"content":{"rendered":"<h2>Grenzenlose Designs f\u00fcr Zuhause<\/h2>\n<p>Soll es klassisch-dezent sein? Trendig? Oder doch farbintensiv und geometrisch? Bei den glatten, strapazierf\u00e4higen Wachst\u00fcchern von V\u00e9nilia ist f\u00fcr jeden etwas dabei!&nbsp;<\/p>\n<h2>Power-Eigenschaften f\u00fcr mehr Sorglosigkeit<\/h2>\n<p>Die Tischdecke besteht aus einer bedruckten PVC-Folie, veredelt mit einem seidenmatten Schutzlack. Und damit Sie sich nie wieder \u00fcber Flecken \u00e4rgern m\u00fcssen, ist diese Tischdecke mit einer Anti-Fleck-Beschichtung versehen, die fl\u00fcssigkeitsundurchl\u00e4ssig und schmutzabweisend wirkt.<\/p>\n<h2>Absolut pflegeleicht<\/h2>\n<p>Wollen Sie Ihre Tischdecke reinigen, ist das ganz leicht m\u00f6glich: die Oberfl\u00e4che mit einem feuchten Schwamm und etwas Seifenwasser abwischen, fertig. Bei Knitterfalten l\u00e4sst sie sich leicht auf der R\u00fcckseite auf niedriger Stufe b\u00fcgeln.<\/p>\n<div>\n<h2>Hunger \u2013 aber sicher!<\/h2>\n<p>Nat\u00fcrlich enth\u00e4lt auch diese Decke keine bedenklichen Stoffe. Au\u00dferdem kann sie vollkommen unbedenklich mit Lebensmitteln in Ber\u00fchrung kommen.<\/p>\n<\/div>\n","protected":false},"excerpt":{"rendered":"<p><UL><LI>EIN HINGUCKER \u2013 Glatte Tischdecke mit sch\u00f6nem Aufdruck<\/LI><LI>FLECKEN- &#038; WASSERABWEISEND \u2013 Die Anti-Fleck-Beschichtung macht\u2019s m\u00f6glich<\/LI><LI>HOCHWERTIG &#038; PFLEGELEICHT \u2013 Die Tischdecke verf\u00fcgt \u00fcber einen hochwertigen Vliesr\u00fccken und eine leicht abwischbare Oberfl\u00e4che<\/LI><LI>SICHER &#038; LEBENSMITTELECHT \u2013 Erf\u00fcllt den OEKO-TEX Standard 100 und tr\u00e4gt das Food Contact-Siegel<\/LI><LI>INDOOR- &#038; OUTDOOR-GEEIGNET \u2013 Diese Tischdecke ist in Haus und Garten ein echter Helfer<\/LI><\/UL><\/p>\n","protected":false},"featured_media":6366,"template":"","meta":[],"product_cat":[102,1559,1540,83],"product_tag":[],"wcpa_form_fields":null,"tiered_pricing_type":"fixed","tiered_pricing_fixed_rules":[],"_links":{"self":[{"href":"https:\/\/www.venilia.com\/de\/wp-json\/wp\/v2\/product\/9020"}],"collection":[{"href":"https:\/\/www.venilia.com\/de\/wp-json\/wp\/v2\/product"}],"about":[{"href":"https:\/\/www.venilia.com\/de\/wp-json\/wp\/v2\/types\/product"}],"wp:featuredmedia":[{"embeddable":true,"href":"https:\/\/www.venilia.com\/de\/wp-json\/wp\/v2\/media\/6366"}],"wp:attachment":[{"href":"https:\/\/www.venilia.com\/de\/wp-json\/wp\/v2\/media?parent=9020"}],"wp:term":[{"taxonomy":"product_cat","embeddable":true,"href":"https:\/\/www.venilia.com\/de\/wp-json\/wp\/v2\/product_cat?post=9020"},{"taxonomy":"product_tag","embeddable":true,"href":"https:\/\/www.venilia.com\/de\/wp-json\/wp\/v2\/product_tag?post=9020"}],"curies":[{"name":"wp","href":"https:\/\/api.w.org\/{rel}","templated":true}]}}