{"id":8952,"date":"2023-11-02T16:09:37","date_gmt":"2023-11-02T15:09:37","guid":{"rendered":"https:\/\/venilia.insektenschutz365.eu\/p\/fensterfolie-toenung-vitrostatic-90x200cm\/"},"modified":"2025-02-12T12:04:13","modified_gmt":"2025-02-12T11:04:13","slug":"fensterfolie-toenung-vitrostatic-90x200cm","status":"publish","type":"product","link":"https:\/\/www.venilia.com\/de\/p\/fensterfolie-toenung-vitrostatic-90x200cm\/","title":{"rendered":"Fensterfolie T\u00f6nung Vitrostatic &#8211; 90x200cm"},"content":{"rendered":"<h2>Wiederverwendbarer Sichtschutz und Sonnenschutz<\/h2>\n<p>Eine get\u00f6nte Schutzfolie hat viele Vorteile: Zum Beispiel werden durch die T\u00f6nung \u00fcber 50% des blendenden Lichtes abgehalten, was besonders f\u00fcr das Arbeiten am Computer eine gro\u00dfe Erleichterung ist.&nbsp;<\/p>\n<p>Zus\u00e4tzlich wird die Aufheizung des Raumes reduziert, die M\u00f6bel werden geschont und unerw\u00fcnschte Blicke von drau\u00dfen werden abgeschirmt.&nbsp;<\/p>\n<p>Die kleberfreie und umweltfreundlichere Variante der Anbringung eignet sich wunderbar f\u00fcr Mietwohnungen, da die Folie jederzeit r\u00fcckstandlos abgenommen werden kann.&nbsp;<\/p>\n<p>Au\u00dferdem ist sie durch ihre kratzfeste und schmutzabweisende Beschichtung sehr pflegeleicht und unkompliziert.&nbsp;<\/p>\n","protected":false},"excerpt":{"rendered":"<p><UL><LI>MEHR PRIVATSPH\u00c4RE \u2013 Mit dieser Folie werden sie nicht mehr geblendet! Und auch neugierige Blicke haben hier keine Chance.<\/LI><LI>HERVORRAGENDER SONNENSCHUTZ \u2013 Weder UV-Strahlen, Blendung noch W\u00e4rme der Sonne kommen gegen diese Folie an.<\/LI><LI>SELBSTHAFTENDE FOLIE \u2013 Durch statische Haftwirkung h\u00e4lt die Folie ohne Kleber am Glas, und kann somit auch jederzeit r\u00fcckstandlos entfernt werden.<\/LI><LI>PFLEGELEICHT &#038; KRATZFEST \u2013 So schnell werden Sie es hier nicht mit Kratzern oder Schmutz zu tun bekommen. Denn diese Folie ist kratzfest, schmutzabweisend und wenn doch einmal etwas passieren sollte, ganz einfach mit Wasser oder Glasreiniger abzuwischen.<\/LI><LI>EINFACHE ANBRINGUNG \u2013 Die Folie ist mit Hilfe von Rakel, Cutter und Seifenwasser auf jeder verglasten Oberfl\u00e4che anzubringen.<\/LI><\/UL><\/p>\n","protected":false},"featured_media":6190,"template":"","meta":[],"product_cat":[53,1527,1531,1534,1521,1524,1522,93,1539],"product_tag":[],"wcpa_form_fields":null,"tiered_pricing_type":"fixed","tiered_pricing_fixed_rules":[],"_links":{"self":[{"href":"https:\/\/www.venilia.com\/de\/wp-json\/wp\/v2\/product\/8952"}],"collection":[{"href":"https:\/\/www.venilia.com\/de\/wp-json\/wp\/v2\/product"}],"about":[{"href":"https:\/\/www.venilia.com\/de\/wp-json\/wp\/v2\/types\/product"}],"wp:featuredmedia":[{"embeddable":true,"href":"https:\/\/www.venilia.com\/de\/wp-json\/wp\/v2\/media\/6190"}],"wp:attachment":[{"href":"https:\/\/www.venilia.com\/de\/wp-json\/wp\/v2\/media?parent=8952"}],"wp:term":[{"taxonomy":"product_cat","embeddable":true,"href":"https:\/\/www.venilia.com\/de\/wp-json\/wp\/v2\/product_cat?post=8952"},{"taxonomy":"product_tag","embeddable":true,"href":"https:\/\/www.venilia.com\/de\/wp-json\/wp\/v2\/product_tag?post=8952"}],"curies":[{"name":"wp","href":"https:\/\/api.w.org\/{rel}","templated":true}]}}