{"id":8918,"date":"2023-11-02T16:06:50","date_gmt":"2023-11-02T15:06:50","guid":{"rendered":"https:\/\/venilia.insektenschutz365.eu\/p\/klebefolie-cement-tile-45x200cm\/"},"modified":"2024-09-16T10:33:14","modified_gmt":"2024-09-16T08:33:14","slug":"klebefolie-cement-tile-45x200cm","status":"publish","type":"product","link":"https:\/\/www.venilia.com\/de\/p\/klebefolie-cement-tile-45x200cm\/","title":{"rendered":"Klebefolie Cement tile &#8211; 45x200cm"},"content":{"rendered":"<h2>Trendige Klebefolien f\u00fcr kreative Projekte<\/h2>\n<p>Fr\u00f6hliche Farben, Muster und trendige Strukturen machen das V\u00e9nilia Deco Premium Sortiment zur idealen Wahl f\u00fcr Upcycling und Bastelarbeiten aller Art. Die Folien sind sehr stark und eignen sich auch zum Umgestalten von gro\u00dfen Fl\u00e4chen. Einige gibt es im extragro\u00dfen Format, womit sich sogar T\u00fcren optimal bekleben lassen. Zus\u00e4tzliches Must-have: Die Folie wird in Europa und frei von Phthalaten (sch\u00e4dliche Weichmacher) produziert.&nbsp;<\/p>\n<h3>Vielseitig anwendbar<\/h3>\n<p>Egal, ob Gl\u00e4ser, in die Jahre gekommene M\u00f6belst\u00fccke oder Schuhkartons: die Folien versch\u00f6nern so gut wie jede Oberfl\u00e4che. Sollten Sie sich verklebt haben, k\u00f6nnen Sie die Folie noch bis zu 20 Minuten nach der Anbringung neu positionieren. Danach sitzt sie fest, l\u00e4sst sich aber auch wieder abnehmen, wenn Sie eine erneute Ver\u00e4nderung suchen.<\/p>\n","protected":false},"excerpt":{"rendered":"<p><UL><LI>TRENDIGE MOTIVE \u2013 Die selbstklebende Dekorfolie \u00fcberzeugt durch angesagte Motive<\/LI><LI>GEEIGNET F\u00dcR GROSSE UND KLEINE FL\u00c4CHEN \u2013 Aus Holz, Metall, Glas und Papier<\/LI><LI>SICHER AUS DER EU \u2013 Entwicklung und Herstellung in Europa; frei von Phthalaten<\/LI><LI>STARKES MATERIAL \u2013 Rei\u00dffest, wasser- und hitzebest\u00e4ndig, leicht abwischbare, glatte Oberfl\u00e4che.<\/LI><LI>EINFACHES, SCHNELLES ANBRINGEN &#8211; Tr\u00e4gerpapier mit Rasterlinien auf der R\u00fcckseite hilft beim exakten Messen und Schneiden. Fester Halt in nur 20 Minuten.<\/LI><\/UL><\/p>\n","protected":false},"featured_media":6020,"template":"","meta":[],"product_cat":[53,1527,59,1531,1530,1534,1538],"product_tag":[],"wcpa_form_fields":null,"tiered_pricing_type":"fixed","tiered_pricing_fixed_rules":[],"_links":{"self":[{"href":"https:\/\/www.venilia.com\/de\/wp-json\/wp\/v2\/product\/8918"}],"collection":[{"href":"https:\/\/www.venilia.com\/de\/wp-json\/wp\/v2\/product"}],"about":[{"href":"https:\/\/www.venilia.com\/de\/wp-json\/wp\/v2\/types\/product"}],"wp:featuredmedia":[{"embeddable":true,"href":"https:\/\/www.venilia.com\/de\/wp-json\/wp\/v2\/media\/6020"}],"wp:attachment":[{"href":"https:\/\/www.venilia.com\/de\/wp-json\/wp\/v2\/media?parent=8918"}],"wp:term":[{"taxonomy":"product_cat","embeddable":true,"href":"https:\/\/www.venilia.com\/de\/wp-json\/wp\/v2\/product_cat?post=8918"},{"taxonomy":"product_tag","embeddable":true,"href":"https:\/\/www.venilia.com\/de\/wp-json\/wp\/v2\/product_tag?post=8918"}],"curies":[{"name":"wp","href":"https:\/\/api.w.org\/{rel}","templated":true}]}}