{"id":8886,"date":"2023-11-02T16:03:38","date_gmt":"2023-11-02T15:03:38","guid":{"rendered":"https:\/\/venilia.insektenschutz365.eu\/p\/klebefolie-gotam-45x200cm\/"},"modified":"2024-09-16T10:28:19","modified_gmt":"2024-09-16T08:28:19","slug":"klebefolie-gotam-45x200cm","status":"publish","type":"product","link":"https:\/\/www.venilia.com\/de\/p\/klebefolie-gotam-45x200cm\/","title":{"rendered":"Klebefolie Gotam &#8211; 45x200cm"},"content":{"rendered":"<h2>Klebefolien mit WOW-Effekt<\/h2>\n<p>Optik und Haptik vereint: V\u00e9nilia Klebefolien bieten nicht nur ein stylisches Aussehen, sondern auch das passende &quot;Feeling&quot; verschiedener Materialien in einem. Die Materialeffekte geben Tischen, Regalen, Schmuckschatullen und Co im Nu einen v\u00f6llig anderen Look. Die Dekorfolien sind robust, leicht anzubringen und hitzeresistent. Designt und produziert werden sie in Europa, selbstverst\u00e4ndlich komplett frei von Phthalaten (sch\u00e4dlichen Weichmachern).<\/p>\n<h3>F\u00fcr fast alle Oberfl\u00e4chen geeignet&nbsp;<\/h3>\n<p>Mit dieser Klebefolie k\u00f6nnen Sie M\u00f6bel aller Art, Schmuckk\u00e4sten, Glas, Tabletts und Co. umgestalten. Nach 20 Minuten entfaltet sie ihre Klebekraft, vorher kann sie noch neu ausgerichtet werden. M\u00f6chten Sie irgendwann eine neue Ver\u00e4nderung, kann die Effektfolie leicht wieder abgenommen werden.<\/p>\n","protected":false},"excerpt":{"rendered":"<p><UL><LI>EFFEKTE F\u00dcR DIE SINNE \u2013 Die Klebefolie sorgt mit ihren t\u00e4uschend echten Materialeffekten f\u00fcr einen au\u00dfergew\u00f6hnlichen Look<\/LI><LI>VIELF\u00c4LTIG NUTZBAR \u2013 F\u00fcr Um- und Neugestaltungen, Upcycling-Ideen, Bastelprojekte und Dekorationen in Innenr\u00e4umen<\/LI><LI>F\u00dcR ALLE OBERFL\u00c4CHEN \u2013 Von Glas \u00fcber Holz und Metall bis hin zu Pappkartons<\/LI><LI>SICHER AUS DER EU \u2013 Entwicklung und Herstellung in Europa; frei von Phthalaten<\/LI><LI>EINFACHE ANBRINGUNG &#8211; Tr\u00e4gerpapier mit Rasterlinien auf der R\u00fcckseite unterst\u00fctzt exaktes Messen und Zuschneiden. Fester Halt in nur 20 Minuten.<\/LI><\/UL><\/p>\n","protected":false},"featured_media":49043,"template":"","meta":[],"product_cat":[53,1527,61,1531,1537,1530,1534],"product_tag":[],"wcpa_form_fields":null,"tiered_pricing_type":"fixed","tiered_pricing_fixed_rules":[],"_links":{"self":[{"href":"https:\/\/www.venilia.com\/de\/wp-json\/wp\/v2\/product\/8886"}],"collection":[{"href":"https:\/\/www.venilia.com\/de\/wp-json\/wp\/v2\/product"}],"about":[{"href":"https:\/\/www.venilia.com\/de\/wp-json\/wp\/v2\/types\/product"}],"wp:featuredmedia":[{"embeddable":true,"href":"https:\/\/www.venilia.com\/de\/wp-json\/wp\/v2\/media\/49043"}],"wp:attachment":[{"href":"https:\/\/www.venilia.com\/de\/wp-json\/wp\/v2\/media?parent=8886"}],"wp:term":[{"taxonomy":"product_cat","embeddable":true,"href":"https:\/\/www.venilia.com\/de\/wp-json\/wp\/v2\/product_cat?post=8886"},{"taxonomy":"product_tag","embeddable":true,"href":"https:\/\/www.venilia.com\/de\/wp-json\/wp\/v2\/product_tag?post=8886"}],"curies":[{"name":"wp","href":"https:\/\/api.w.org\/{rel}","templated":true}]}}