{"id":8869,"date":"2023-11-02T16:02:33","date_gmt":"2023-11-02T15:02:33","guid":{"rendered":"https:\/\/venilia.insektenschutz365.eu\/p\/tischdecke-tropics-140cm-rund\/"},"modified":"2025-11-22T21:44:26","modified_gmt":"2025-11-22T20:44:26","slug":"tischdecke-tropics-140cm-rund","status":"publish","type":"product","link":"https:\/\/www.venilia.com\/de\/p\/tischdecke-tropics-140cm-rund\/","title":{"rendered":"Tischdecke Tropics &#8211; 140cm, rund"},"content":{"rendered":"<h2>Pastellig-dezent oder doch lieber kr\u00e4ftig-bunt?<\/h2>\n<p>Bei den Tischdecken der &quot; V\u00e9niline Serie&quot; haben Sie farblich die gro\u00dfe Auswahl \u2013 aber auch bei den Mustern. Hier reicht das Feld von klassisch \u00fcber blumig bis hin zu abstrakt. Der relativ weiche Fall und die Strukturpr\u00e4gung runden die Tischdecken dieser Serie ab.<\/p>\n<h2>Auch haptisch ein Erlebnis<\/h2>\n<p>Sie wollen das Muster nicht nur sehen, sondern auch f\u00fchlen? Die Oberfl\u00e4che dieser V\u00e9niline Tischdecke wurde einem speziellen Druckverfahren unterzogen und f\u00fchlt sich daher an wie ein Wachstuch mit Pr\u00e4gung. Um den Komfort weiter zu erh\u00f6hen, wurde au\u00dferdem die R\u00fcckseite mit hochwertigem Vlies ausgestattet.<\/p>\n<div>\n<h2>Bei Schmutz und Flecken ein Allesk\u00f6nner<\/h2>\n<p>Die Tischdecke ist fl\u00fcssigkeitsundurchl\u00e4ssig, fleckenabweisend und schmutzunempfindlich, was sie auch so pflegeleicht macht. Und auch Strapazierf\u00e4higkeit geh\u00f6rt zu ihrem Repertoire! Am besten im Innenbereich verwenden.&nbsp;<\/p>\n<h2>Unbedenklich bei Lebensmitteln<\/h2>\n<p>Gesund essen f\u00e4ngt schon bei der Tischdecke an: Diese sollte lebensmittelecht und sicher beim Kontakt mit Nahrungsmitteln sein. Mit diesem V\u00e9nilia-Produkt haben Sie beides.<\/p>\n<\/div>\n","protected":false},"excerpt":{"rendered":"<p><UL><LI>GRAFISCHES DESIGN \u2013 Macht die strukturierte Wachstischdecke gleich doppelt sch\u00f6n<\/LI><LI>TROCKEN &#038; SAUBER \u2013 Die besondere Beschichtung macht die Tischdecke wasser- und fleckenabweisend<\/LI><LI>PFLEGELEICHT \u2013 Die Oberfl\u00e4che kann ohne Aufwand einfach abgewischt werden<\/LI><LI>HOCHWERTIG \u2013 Der Vliesr\u00fccken gibt der Tischdecke noch mehr St\u00e4rke<\/LI><LI>DOPPELT ZERTIFIZIERT \u2013 Erf\u00fcllt den OEKO-TEX Standard 100 und ist Food Contact sicher<\/LI><\/UL><\/p>\n","protected":false},"featured_media":49007,"template":"","meta":[],"product_cat":[84,1559,1540,83],"product_tag":[],"wcpa_form_fields":null,"tiered_pricing_type":"fixed","tiered_pricing_fixed_rules":[],"_links":{"self":[{"href":"https:\/\/www.venilia.com\/de\/wp-json\/wp\/v2\/product\/8869"}],"collection":[{"href":"https:\/\/www.venilia.com\/de\/wp-json\/wp\/v2\/product"}],"about":[{"href":"https:\/\/www.venilia.com\/de\/wp-json\/wp\/v2\/types\/product"}],"wp:featuredmedia":[{"embeddable":true,"href":"https:\/\/www.venilia.com\/de\/wp-json\/wp\/v2\/media\/49007"}],"wp:attachment":[{"href":"https:\/\/www.venilia.com\/de\/wp-json\/wp\/v2\/media?parent=8869"}],"wp:term":[{"taxonomy":"product_cat","embeddable":true,"href":"https:\/\/www.venilia.com\/de\/wp-json\/wp\/v2\/product_cat?post=8869"},{"taxonomy":"product_tag","embeddable":true,"href":"https:\/\/www.venilia.com\/de\/wp-json\/wp\/v2\/product_tag?post=8869"}],"curies":[{"name":"wp","href":"https:\/\/api.w.org\/{rel}","templated":true}]}}