{"id":8823,"date":"2023-11-02T16:00:44","date_gmt":"2023-11-02T15:00:44","guid":{"rendered":"https:\/\/venilia.insektenschutz365.eu\/p\/tischschoner-cristina-weiss-140cm-rund\/"},"modified":"2024-09-16T10:53:17","modified_gmt":"2024-09-16T08:53:17","slug":"tischschoner-cristina-weiss-140cm-rund","status":"publish","type":"product","link":"https:\/\/www.venilia.com\/de\/p\/tischschoner-cristina-weiss-140cm-rund\/","title":{"rendered":"Tischschoner Cristina wei\u00df &#8211; 140cm, rund"},"content":{"rendered":"<h2>Vielf\u00e4ltige Designs f\u00fcr wahre Hingucker<\/h2>\n<p>Durchsichtig, aber bedruckt: So haben Sie einen Tischschutz mit Muster, k\u00f6nnen aber gleichzeitig auch noch Ihren Ess- oder Gartentisch sehen.<\/p>\n<h2>Flecken und Kratzer sind pass\u00e9<\/h2>\n<p>Die Hochglanzbeschichtung macht diesen Tischschutz wasser- und schmutzabweisend, Flecken, Kratzer und Feuchtigkeit haben keine Chance. Ein feuchtes Tuch reicht zur Reinigung.<\/p>\n<h2>Lebensmittelecht und sorglos genie\u00dfen<\/h2>\n<p>Die Tischschoner sind nicht nur lebensmittelecht, sie enthalten auch keine bedenklichen Stoffe.<\/p>\n","protected":false},"excerpt":{"rendered":"<p><UL><LI>TRANSPARENT &#038; DOCH MIT DESIGN \u2013 So wird der Tischschoner einzigartig<\/LI><LI>WASSER-, FLECKEN- &#038; SCHMUTZABWEISEND \u2013 Die Beschichtung sorgt f\u00fcr Rundum-Schutz<\/LI><LI>PFLEGELEICHT \u2013 Einfach abwischen, fertig<\/LI><LI>GEEIGNET F\u00dcR INNEN &#038; AU\u00dfEN \u2013 Macht Wohn- und Gartentisch sch\u00f6ner<\/LI><LI>LEBENSMITTELECHT \u2013 Der Tischschoner ist Food Contact Safe und tr\u00e4gt das Vertrauenssiegel nach OEKO-TEX Standard 100<\/LI><\/UL><\/p>\n","protected":false},"featured_media":5681,"template":"","meta":[],"product_cat":[1540,1541,75,132],"product_tag":[],"wcpa_form_fields":null,"tiered_pricing_type":"fixed","tiered_pricing_fixed_rules":[],"_links":{"self":[{"href":"https:\/\/www.venilia.com\/de\/wp-json\/wp\/v2\/product\/8823"}],"collection":[{"href":"https:\/\/www.venilia.com\/de\/wp-json\/wp\/v2\/product"}],"about":[{"href":"https:\/\/www.venilia.com\/de\/wp-json\/wp\/v2\/types\/product"}],"wp:featuredmedia":[{"embeddable":true,"href":"https:\/\/www.venilia.com\/de\/wp-json\/wp\/v2\/media\/5681"}],"wp:attachment":[{"href":"https:\/\/www.venilia.com\/de\/wp-json\/wp\/v2\/media?parent=8823"}],"wp:term":[{"taxonomy":"product_cat","embeddable":true,"href":"https:\/\/www.venilia.com\/de\/wp-json\/wp\/v2\/product_cat?post=8823"},{"taxonomy":"product_tag","embeddable":true,"href":"https:\/\/www.venilia.com\/de\/wp-json\/wp\/v2\/product_tag?post=8823"}],"curies":[{"name":"wp","href":"https:\/\/api.w.org\/{rel}","templated":true}]}}