{"id":8797,"date":"2023-11-02T15:57:46","date_gmt":"2023-11-02T14:57:46","guid":{"rendered":"https:\/\/venilia.insektenschutz365.eu\/p\/tischset-feather-anisgruen-45x30cm-rechteckig\/"},"modified":"2024-09-19T16:18:36","modified_gmt":"2024-09-19T14:18:36","slug":"tischset-feather-anisgruen-45x30cm-rechteckig","status":"publish","type":"product","link":"https:\/\/www.venilia.com\/de\/p\/tischset-feather-anisgruen-45x30cm-rechteckig\/","title":{"rendered":"Tischset Feather anisgr\u00fcn &#8211; 45x30cm, rechteckig"},"content":{"rendered":"<h2>Muster und Designs waren nie so vielf\u00e4ltig<\/h2>\n<p>Auff\u00e4lliges Muster gew\u00fcnscht? Diese Tischsets aus Kunststofffasern bringen mit ihren vielf\u00e4ltigen Designs und Farben Schwung auf jeden Esstisch.<\/p>\n<h2>Power-Kombi: Schutz und leichte Reinigung<\/h2>\n<p>Ein wirksamer, aber pflegeleichter Tischschoner ist zu sch\u00f6n, um wahr zu sein? Nicht bei V\u00e9nilia. Hier werden beide Vorteile kombiniert.<\/p>\n<h2>Lebensmittelecht: Better be safe than sorry<\/h2>\n<p>Tischsets sollten lebensmittelecht sein, denn diese kommen schnell mit Nahrungsmitteln in Kontakt. Die V\u00e9nilia Tischschoner sind daher extra zertifiziert.<\/p>\n","protected":false},"excerpt":{"rendered":"<p><UL><LI>DER WOW-HINGUCKER \u2013 Auff\u00e4llig gemustertes Platzset aus Kunststofffasern<\/LI><LI>EINFACHE REINIGUNG \u2013 Das Set ist sehr pflegeleicht<\/LI><LI>KRATZER-SCHUTZ \u2013 Verl\u00e4sslicher Schutz f\u00fcr Ihren Tisch<\/LI><LI>LEBENSMITTELECHT \u2013 Zertifiziert mit dem Food Contact Safe-Siegel<\/LI><LI>MULTITALENT \u2013 Der Tischschoner passt zu jeder Tischform<\/LI><\/UL><\/p>\n","protected":false},"featured_media":5599,"template":"","meta":[],"product_cat":[88,1540,1544,87],"product_tag":[],"wcpa_form_fields":null,"tiered_pricing_type":"fixed","tiered_pricing_fixed_rules":[],"_links":{"self":[{"href":"https:\/\/www.venilia.com\/de\/wp-json\/wp\/v2\/product\/8797"}],"collection":[{"href":"https:\/\/www.venilia.com\/de\/wp-json\/wp\/v2\/product"}],"about":[{"href":"https:\/\/www.venilia.com\/de\/wp-json\/wp\/v2\/types\/product"}],"wp:featuredmedia":[{"embeddable":true,"href":"https:\/\/www.venilia.com\/de\/wp-json\/wp\/v2\/media\/5599"}],"wp:attachment":[{"href":"https:\/\/www.venilia.com\/de\/wp-json\/wp\/v2\/media?parent=8797"}],"wp:term":[{"taxonomy":"product_cat","embeddable":true,"href":"https:\/\/www.venilia.com\/de\/wp-json\/wp\/v2\/product_cat?post=8797"},{"taxonomy":"product_tag","embeddable":true,"href":"https:\/\/www.venilia.com\/de\/wp-json\/wp\/v2\/product_tag?post=8797"}],"curies":[{"name":"wp","href":"https:\/\/api.w.org\/{rel}","templated":true}]}}