{"id":8775,"date":"2023-11-02T15:56:17","date_gmt":"2023-11-02T14:56:17","guid":{"rendered":"https:\/\/venilia.insektenschutz365.eu\/p\/tischset-spiral-creme-38cm-rund\/"},"modified":"2024-09-19T16:18:38","modified_gmt":"2024-09-19T14:18:38","slug":"tischset-spiral-creme-38cm-rund","status":"publish","type":"product","link":"https:\/\/www.venilia.com\/de\/p\/tischset-spiral-creme-38cm-rund\/","title":{"rendered":"Tischset Spiral creme &#8211; 38cm, rund"},"content":{"rendered":"<h2>Kleines Platzset, gro\u00dfe Wirkung<\/h2>\n<p>Diese raffinierten Sets gibt es in verschiedenen Farben, Designs und Materialien. So findet jedes Wohndesign eine harmonische Erg\u00e4nzung.<\/p>\n<h2>Vielseitig einsetzbar<\/h2>\n<p>Ob f\u00fcr den Esstisch, als sch\u00f6ner Blickfang auf der Kommode oder als cooler Untersetzer f\u00fcr die Kaffeemaschine: Diese Sets sind so gut wie \u00fcberall einsetzbar und sch\u00fctzen den jeweiligen Untergrund vor Kratzern.<\/p>\n<h2>Zertifizierter Genuss<\/h2>\n<p>Die gewebten Modelle sind zertifiziert und k\u00f6nnen daher unbedenklich mit Lebensmittel in Ber\u00fchrung kommen.<\/p>\n","protected":false},"excerpt":{"rendered":"<p><UL><LI>ELEGANT-MODERN \u2013 Dieses Platzset mit Spiralmuster bringt Eleganz und Moderne ins Haus<\/LI><LI>EASY CLEAN \u2013 Das Platzset ist pflegeleicht und einfach zu reinigen<\/LI><LI>TISCHPLATTEN-SCHUTZ \u2013 Sch\u00fctzt vor Kratzern<\/LI><LI>ZERTIFIZIERT \u2013 Das Tischset tr\u00e4gt die Food Contact Safe-Zertifizierung<\/LI><LI>PASSEND ZU JEDER TISCHFORM \u2013 Und somit vielf\u00e4ltig einsetzbar<\/LI><\/UL><\/p>\n","protected":false},"featured_media":5498,"template":"","meta":[],"product_cat":[88,1540,1544,87],"product_tag":[],"wcpa_form_fields":null,"tiered_pricing_type":"fixed","tiered_pricing_fixed_rules":[],"_links":{"self":[{"href":"https:\/\/www.venilia.com\/de\/wp-json\/wp\/v2\/product\/8775"}],"collection":[{"href":"https:\/\/www.venilia.com\/de\/wp-json\/wp\/v2\/product"}],"about":[{"href":"https:\/\/www.venilia.com\/de\/wp-json\/wp\/v2\/types\/product"}],"wp:featuredmedia":[{"embeddable":true,"href":"https:\/\/www.venilia.com\/de\/wp-json\/wp\/v2\/media\/5498"}],"wp:attachment":[{"href":"https:\/\/www.venilia.com\/de\/wp-json\/wp\/v2\/media?parent=8775"}],"wp:term":[{"taxonomy":"product_cat","embeddable":true,"href":"https:\/\/www.venilia.com\/de\/wp-json\/wp\/v2\/product_cat?post=8775"},{"taxonomy":"product_tag","embeddable":true,"href":"https:\/\/www.venilia.com\/de\/wp-json\/wp\/v2\/product_tag?post=8775"}],"curies":[{"name":"wp","href":"https:\/\/api.w.org\/{rel}","templated":true}]}}