{"id":8703,"date":"2023-11-02T15:52:53","date_gmt":"2023-11-02T14:52:53","guid":{"rendered":"https:\/\/venilia.insektenschutz365.eu\/p\/tischschoner-crystal-transparent-140cm-rund\/"},"modified":"2025-12-20T20:26:39","modified_gmt":"2025-12-20T19:26:39","slug":"tischschoner-crystal-transparent-140cm-rund","status":"publish","type":"product","link":"https:\/\/www.venilia.com\/de\/p\/tischschoner-crystal-transparent-140cm-rund\/","title":{"rendered":"Tischschoner Crystal transparent &#8211; 140cm, rund"},"content":{"rendered":"<h2>Transparent und doch ein Hingucker<\/h2>\n<p>Die gl\u00e4nzenden und sch\u00f6n fallenden Tischschoner machen es m\u00f6glich, den Tisch zu sch\u00fctzen und ihn gleichzeitig noch sehen zu k\u00f6nnen.<\/p>\n<h2>Keine Kratzer, keine Flecken<\/h2>\n<p>Durch die Beschichtung wird der Tischschutz schmutz- und wasserabweisend. So haben weder Flecken noch Kratzer oder Feuchtigkeit eine Chance. Die Oberfl\u00e4che kann feucht abgewischt und so schnell gereinigt werden.<\/p>\n<h2>W\u00e4hlen Sie Ihre Tischschutz-St\u00e4rke!&nbsp;<\/h2>\n<p>Je nach gew\u00e4hlter St\u00e4rke ist der Schoner entweder rutschfester oder hat einen flie\u00dfenderen Fall. Zur optimalen Stabilisierung eignen sich Tischtuchklammern.<\/p>\n<h2>Lebensmittelechter, sicherer Schutz<\/h2>\n<p>Der Tischschoner darf mit Lebensmitteln in Kontakt kommen, au\u00dferdem enth\u00e4lt er keinerlei bedenkliche Stoffe.<\/p>\n","protected":false},"excerpt":{"rendered":"<p><UL><LI>TRANSPARENTER HINGUCKER \u2013 Dezent, aber dank Hochglanzbeschichtung dennoch gl\u00e4nzend<\/LI><LI>WASSER-, SCHMUTZ- &#038; FLECKENABWEISEND \u2013 Die Beschichtung ist 3-fach stark<\/LI><LI>PFLEGELEICHT \u2013 Mit einem feuchten Tuch abwischbar<\/LI><LI>INDOOR- &#038; OUTDOOR-GEEIGNET \u2013 Dieser Tischschutz versch\u00f6nert Haus und Garten<\/LI><LI>LEBENSMITTELECHT &#038; UNBEDENKLICH \u2013 Zertifiziert nach OEKO-TEX Standard 100 und Food Contact Safe<\/LI><\/UL><\/p>\n","protected":false},"featured_media":5302,"template":"","meta":[],"product_cat":[1540,1541,75,132],"product_tag":[],"wcpa_form_fields":null,"tiered_pricing_type":"fixed","tiered_pricing_fixed_rules":[],"_links":{"self":[{"href":"https:\/\/www.venilia.com\/de\/wp-json\/wp\/v2\/product\/8703"}],"collection":[{"href":"https:\/\/www.venilia.com\/de\/wp-json\/wp\/v2\/product"}],"about":[{"href":"https:\/\/www.venilia.com\/de\/wp-json\/wp\/v2\/types\/product"}],"wp:featuredmedia":[{"embeddable":true,"href":"https:\/\/www.venilia.com\/de\/wp-json\/wp\/v2\/media\/5302"}],"wp:attachment":[{"href":"https:\/\/www.venilia.com\/de\/wp-json\/wp\/v2\/media?parent=8703"}],"wp:term":[{"taxonomy":"product_cat","embeddable":true,"href":"https:\/\/www.venilia.com\/de\/wp-json\/wp\/v2\/product_cat?post=8703"},{"taxonomy":"product_tag","embeddable":true,"href":"https:\/\/www.venilia.com\/de\/wp-json\/wp\/v2\/product_tag?post=8703"}],"curies":[{"name":"wp","href":"https:\/\/api.w.org\/{rel}","templated":true}]}}