{"id":8677,"date":"2023-11-02T15:51:44","date_gmt":"2023-11-02T14:51:44","guid":{"rendered":"https:\/\/venilia.insektenschutz365.eu\/p\/tischdecke-nyons-155cm-rund\/"},"modified":"2025-07-25T10:19:50","modified_gmt":"2025-07-25T08:19:50","slug":"tischdecke-nyons-155cm-rund","status":"publish","type":"product","link":"https:\/\/www.venilia.com\/de\/p\/tischdecke-nyons-155cm-rund\/","title":{"rendered":"Tischdecke Nyons &#8211; 155cm, rund"},"content":{"rendered":"<h2>Einmal schick und zeitlos, bitte!<\/h2>\n<p>Mit den Premium Wachstuch-Tischdecken k\u00f6nnen Sie sich genau diesen Wohn-Wunsch erf\u00fcllen. Egal, ob Esszimmer, Gartentisch oder K\u00fcche: Dezente und raffinierte Motive sorgen f\u00fcr das gewisse Etwas und begeistern Ihre G\u00e4ste.<\/p>\n<h2>Sch\u00fctzt nicht nur vor Flecken und Wasser<\/h2>\n<p>Diese Tischdecke ist besonders strapazierf\u00e4hig und verrutscht nicht, da sie relativ schwer ist. Auch der Geweber\u00fccken aus Zellulosefasern ist doppelt so dick wie bei anderen Tischdecken. Dadurch wird Ihr Tisch nicht nur vor Flecken und Wasser gesch\u00fctzt, sondern auch vor Kratzern und Abnutzung!<\/p>\n<h2>Super-Power? Anti-Fleck-Beschichtung!<\/h2>\n<p>Blo\u00df keinen Rotwein versch\u00fctten, der geht nie wieder raus! Mit der Premium Wachstuch-Tischdecke k\u00f6nnen Sie diesen Spruch L\u00fcgen strafen. Denn die Anti-Fleck-Beschichtung sorgt daf\u00fcr, dass Sie sich nie wieder um Flecken jeglicher Art Gedanken machen m\u00fcssen. Diese dringen nicht in die Fasern der Tischdecke ein, sondern k\u00f6nnen ganz leicht wieder abgewischt werden.<\/p>\n<h2>Ein langj\u00e4hriger und lebensmittelechter Begleiter<\/h2>\n<p>Die strapazierf\u00e4hige Tischdecke mit Wachstuch-Oberfl\u00e4che enth\u00e4lt keine bedenklichen Stoffe und ist lebensmittelecht. Ein langj\u00e4hriger Begleiter, der alle gl\u00fccklich macht!<\/p>\n","protected":false},"excerpt":{"rendered":"<p><UL><LI>DAS WOHNRAUM-HIGHLIGHT \u2013 Die Premium Wachstuch-Tischdecke macht Ihr Zuhause noch besonderer<\/LI><LI>HOCHWERTIGES MATERIAL \u2013 Der Geweber\u00fccken besteht aus Baumwolle und Polyester<\/LI><LI>RUNDUM-SCHUTZ F\u00dcR DEN TISCH \u2013 Flecken, Kratzer und Fl\u00fcssigkeiten haben keine Chance<\/LI><LI>ROBUST &#038; RUTSCHFEST \u2013 Diese Decke ist sowohl Indoor als auch Outdoor gut geeignet<\/LI><LI>FOOD CONTACT SAFE \u2013 Au\u00dferdem wird der OEKO-TEX Standard 100 eingehalten<\/LI><\/UL><\/p>\n","protected":false},"featured_media":5230,"template":"","meta":[],"product_cat":[106,1559,1540,83],"product_tag":[],"wcpa_form_fields":null,"tiered_pricing_type":"fixed","tiered_pricing_fixed_rules":[],"_links":{"self":[{"href":"https:\/\/www.venilia.com\/de\/wp-json\/wp\/v2\/product\/8677"}],"collection":[{"href":"https:\/\/www.venilia.com\/de\/wp-json\/wp\/v2\/product"}],"about":[{"href":"https:\/\/www.venilia.com\/de\/wp-json\/wp\/v2\/types\/product"}],"wp:featuredmedia":[{"embeddable":true,"href":"https:\/\/www.venilia.com\/de\/wp-json\/wp\/v2\/media\/5230"}],"wp:attachment":[{"href":"https:\/\/www.venilia.com\/de\/wp-json\/wp\/v2\/media?parent=8677"}],"wp:term":[{"taxonomy":"product_cat","embeddable":true,"href":"https:\/\/www.venilia.com\/de\/wp-json\/wp\/v2\/product_cat?post=8677"},{"taxonomy":"product_tag","embeddable":true,"href":"https:\/\/www.venilia.com\/de\/wp-json\/wp\/v2\/product_tag?post=8677"}],"curies":[{"name":"wp","href":"https:\/\/api.w.org\/{rel}","templated":true}]}}