{"id":8662,"date":"2023-11-02T15:49:50","date_gmt":"2023-11-02T14:49:50","guid":{"rendered":"https:\/\/venilia.insektenschutz365.eu\/p\/venigrip-anti-rutsch-matte-grau-30x150cm\/"},"modified":"2024-08-13T09:12:56","modified_gmt":"2024-08-13T07:12:56","slug":"venigrip-anti-rutsch-matte-grau-30x150cm","status":"publish","type":"product","link":"https:\/\/www.venilia.com\/de\/p\/venigrip-anti-rutsch-matte-grau-30x150cm\/","title":{"rendered":"Venigrip Anti-Rutsch Matte grau &#8211; 30x150cm"},"content":{"rendered":"<h2>Eine Matte f\u00fcr alle Oberfl\u00e4chen<\/h2>\n<p>Der Einsatz dieser Anti-Rutsch-Matte ist sehr vielf\u00e4ltig. Schubladen, K\u00fchlschr\u00e4nke, Regalb\u00f6den und andere Oberfl\u00e4chen k\u00f6nnen mit ihr bedeckt werden und so Schutz bieten.<\/p>\n<h2>Verrutschen? Nein danke!<\/h2>\n<p>Die Matte hat eine strukturierte Oberfl\u00e4che, ist dick und folien\u00e4hnlich. Durch diese Eigenschaften werden Gegenst\u00e4nde besser am Verrutschen gehindert.<\/p>\n<h2>Schnipp, schnapp, zuschneidbar<\/h2>\n<p>Runde oder eckige, ovale oder schmale Oberfl\u00e4che? Mit einer Schere k\u00f6nnen Sie die lebensmittelechte Matte ganz einfach zuschneiden.<\/p>\n","protected":false},"excerpt":{"rendered":"<p><UL><LI>ANTI-RUTSCH-WIRKUNG \u2013 Und dabei noch rei\u00dffest und elastisch<\/LI><LI>ZERBRECHLICHE OBJEKTE WERDEN GESCH\u00dcTZT \u2013 Zerbrechliche Gegenst\u00e4nde, wie z. B. Gl\u00e4ser, werden mit der EVA-Folie gesch\u00fctzt<\/LI><LI>SCHMUTZ- &#038; WASSERABWEISEND \u2013 Au\u00dferdem sp\u00fclmaschinengeeignet<\/LI><LI>INDIVIDUELL ZUSCHNEIDBAR \u2013 Au\u00dferdem bruchhemmend und abriebfest<\/LI><LI>ZERTIFIZIERUNG MIT AN BORD \u2013 Die Matte ist Food Contact Safe-zertifiziert<\/LI><\/UL><\/p>\n","protected":false},"featured_media":5195,"template":"","meta":[],"product_cat":[111,124],"product_tag":[],"wcpa_form_fields":null,"tiered_pricing_type":"fixed","tiered_pricing_fixed_rules":[],"_links":{"self":[{"href":"https:\/\/www.venilia.com\/de\/wp-json\/wp\/v2\/product\/8662"}],"collection":[{"href":"https:\/\/www.venilia.com\/de\/wp-json\/wp\/v2\/product"}],"about":[{"href":"https:\/\/www.venilia.com\/de\/wp-json\/wp\/v2\/types\/product"}],"wp:featuredmedia":[{"embeddable":true,"href":"https:\/\/www.venilia.com\/de\/wp-json\/wp\/v2\/media\/5195"}],"wp:attachment":[{"href":"https:\/\/www.venilia.com\/de\/wp-json\/wp\/v2\/media?parent=8662"}],"wp:term":[{"taxonomy":"product_cat","embeddable":true,"href":"https:\/\/www.venilia.com\/de\/wp-json\/wp\/v2\/product_cat?post=8662"},{"taxonomy":"product_tag","embeddable":true,"href":"https:\/\/www.venilia.com\/de\/wp-json\/wp\/v2\/product_tag?post=8662"}],"curies":[{"name":"wp","href":"https:\/\/api.w.org\/{rel}","templated":true}]}}