{"id":8634,"date":"2023-11-02T15:48:48","date_gmt":"2023-11-02T14:48:48","guid":{"rendered":"https:\/\/venilia.insektenschutz365.eu\/p\/gartentischdecke-rot-110x140cm-rechteckig\/"},"modified":"2025-02-17T14:29:09","modified_gmt":"2025-02-17T13:29:09","slug":"gartentischdecke-rot-110x140cm-rechteckig","status":"publish","type":"product","link":"https:\/\/www.venilia.com\/de\/p\/gartentischdecke-rot-110x140cm-rechteckig\/","title":{"rendered":"Gartentischdecke rot &#8211; 110x140cm, rechteckig"},"content":{"rendered":"<h2>Funktionalit\u00e4t trifft Optik<\/h2>\n<p>Tischdecken f\u00fcr den Garten m\u00fcssen funktional sein. Das hei\u00dft aber nicht, dass Sie auf eine h\u00fcbsche Optik verzichten m\u00fcssen! Diese Gartentischdecke \u00fcberzeugt durch moderne Farben und sch\u00fctzt gleichzeitig noch vor St\u00f6\u00dfen. So sind Geschirr und Tisch sicher.<\/p>\n<h2>Widerstandsf\u00e4hig und doch pflegeleicht<\/h2>\n<p>Rutschhemmend, widerstandsf\u00e4hig und wasserabweisend \u2013 Das sind hier die absoluten Highlights. M\u00f6glich wird das durch die Material-Mischung aus Polyester und PVC-Weichschaum. M\u00f6chten Sie die Tischdecke reinigen, ben\u00f6tigen Sie lediglich ein feuchtes Tuch, mit dem Sie ebendiese abwischen. So geht gelebte Pflegeleichtigkeit!<\/p>\n<h2>Sorglos und sicher essen<\/h2>\n<p>Lebensmittel auf der Tischdecke? Kein Problem! Denn diese sind lebensmittelecht und frei von bedenklichen Stoffen.<\/p>\n","protected":false},"excerpt":{"rendered":"<p><UL><LI>F\u00dcR DEN AU\u00dfENBEREICH \u2013 Diese unifarbene Weichschaum-Decke gibt Ihrem Garten das gewisse Etwas<\/LI><LI>EIN STARKER &amp; PFLEGELEICHTER HELFER \u2013 Rei\u00dffest, wasserabweisend und rutschhemmend. Zur Reinigung Einfach feucht abwischen. Fertig<\/LI><LI>SCHUTZFUNKTION \u2013 Nie wieder Angst um zerbrechliche Gegenst\u00e4nde<\/LI><LI>F\u00dcR MEHR RUHE \u2013 Ger\u00e4usche (z. B. beim Tischdecken) werden abged\u00e4mpft<\/LI><LI>ZWEIFACH ZERTIFIZIERT \u2013 Food Contact-Siegel und Erf\u00fcllung des &#039;STANDARD 100 by OEKO-TEX&#039;<\/LI><\/UL><\/p>\n","protected":false},"featured_media":5008,"template":"","meta":[],"product_cat":[118,1533,1554,1559,1540,83],"product_tag":[],"wcpa_form_fields":null,"tiered_pricing_type":"fixed","tiered_pricing_fixed_rules":[],"_links":{"self":[{"href":"https:\/\/www.venilia.com\/de\/wp-json\/wp\/v2\/product\/8634"}],"collection":[{"href":"https:\/\/www.venilia.com\/de\/wp-json\/wp\/v2\/product"}],"about":[{"href":"https:\/\/www.venilia.com\/de\/wp-json\/wp\/v2\/types\/product"}],"wp:featuredmedia":[{"embeddable":true,"href":"https:\/\/www.venilia.com\/de\/wp-json\/wp\/v2\/media\/5008"}],"wp:attachment":[{"href":"https:\/\/www.venilia.com\/de\/wp-json\/wp\/v2\/media?parent=8634"}],"wp:term":[{"taxonomy":"product_cat","embeddable":true,"href":"https:\/\/www.venilia.com\/de\/wp-json\/wp\/v2\/product_cat?post=8634"},{"taxonomy":"product_tag","embeddable":true,"href":"https:\/\/www.venilia.com\/de\/wp-json\/wp\/v2\/product_tag?post=8634"}],"curies":[{"name":"wp","href":"https:\/\/api.w.org\/{rel}","templated":true}]}}