{"id":8592,"date":"2023-11-02T15:46:53","date_gmt":"2023-11-02T14:46:53","guid":{"rendered":"https:\/\/venilia.insektenschutz365.eu\/p\/sichtschutz-selbstklebende-spiegelfolie-75x150cm\/"},"modified":"2025-02-12T12:04:32","modified_gmt":"2025-02-12T11:04:32","slug":"sichtschutz-selbstklebende-spiegelfolie-75x150cm","status":"publish","type":"product","link":"https:\/\/www.venilia.com\/de\/p\/sichtschutz-selbstklebende-spiegelfolie-75x150cm\/","title":{"rendered":"Sichtschutz selbstklebende Spiegelfolie &#8211; 75x150cm"},"content":{"rendered":"<h2>Sie wollen Sichtschutz und Sonnenschutz f\u00fcr Ihre Fenster?&nbsp;<\/h2>\n<p>Kein Problem. Diese Sichtschutzfolie erm\u00f6glicht einen ungetr\u00fcbten Blick nach drau\u00dfen. Und solange kein Licht brennt \u2013 wird so schnell keiner Ihre Privatsph\u00e4re st\u00f6ren.&nbsp;<\/p>\n<p>Weil der Kleber bereits angebracht ist, verl\u00e4uft die Anbringung der Folie ganz unkompliziert. Rakel und Wasser f\u00fchren zu einem zuverl\u00e4ssigen Ergebnis.&nbsp;<\/p>\n<p>Der Sonnenschutz macht ausgebleichten M\u00f6beln ein Ende.&nbsp;<\/p>\n<p>Au\u00dferdem bleibt die Folie durch ihre schmutzabweisende und kratzfeste Beschichtung lange in einem guten Zustand.<\/p>\n","protected":false},"excerpt":{"rendered":"<p><UL><LI>MEHR PRIVATSPH\u00c4RE \u2013 Diese Folie bietet tags\u00fcber den perfekten Schutz, um neugierige Blicke abzuhalten. Von innen kann man aber ungetr\u00fcbt nach drau\u00dfen sehen.<\/LI><LI>HERVORRAGENDER SONNENSCHUTZ \u2013 Egal ob Blendung der Sonne, UV- oder Infrarotstrahlen \u2013 diese Folie h\u00e4lt allem Stand.<\/LI><LI>SELBSTKLEBENDE FOLIE \u2013 Durch den bereits angebrachten Kleber h\u00e4lt die Folie zuverl\u00e4ssig auf s\u00e4mtlichen glatten Glasfl\u00e4chen \u2013 und das bombenfest!<\/LI><LI>PFLEGELEICHT &#038; KRATZFEST \u2013 Die Beschichtung der Folie ist schmutzabweisend und sch\u00fctzt vor Kratzern. Zus\u00e4tzlich ist sie ganz einfach mit Wasser oder Glasreiniger abzuwischen.<\/LI><LI>EINFACHE ANBRINGUNG \u2013 Mehr als Rakel und Wasser wird f\u00fcr die Befestigung der Folie nicht ben\u00f6tigt!<\/LI><\/UL><\/p>\n","protected":false},"featured_media":4873,"template":"","meta":[],"product_cat":[53,1527,1531,1534,1521,1524,1522,93,1539],"product_tag":[],"wcpa_form_fields":null,"tiered_pricing_type":"fixed","tiered_pricing_fixed_rules":[],"_links":{"self":[{"href":"https:\/\/www.venilia.com\/de\/wp-json\/wp\/v2\/product\/8592"}],"collection":[{"href":"https:\/\/www.venilia.com\/de\/wp-json\/wp\/v2\/product"}],"about":[{"href":"https:\/\/www.venilia.com\/de\/wp-json\/wp\/v2\/types\/product"}],"wp:featuredmedia":[{"embeddable":true,"href":"https:\/\/www.venilia.com\/de\/wp-json\/wp\/v2\/media\/4873"}],"wp:attachment":[{"href":"https:\/\/www.venilia.com\/de\/wp-json\/wp\/v2\/media?parent=8592"}],"wp:term":[{"taxonomy":"product_cat","embeddable":true,"href":"https:\/\/www.venilia.com\/de\/wp-json\/wp\/v2\/product_cat?post=8592"},{"taxonomy":"product_tag","embeddable":true,"href":"https:\/\/www.venilia.com\/de\/wp-json\/wp\/v2\/product_tag?post=8592"}],"curies":[{"name":"wp","href":"https:\/\/api.w.org\/{rel}","templated":true}]}}