{"id":8554,"date":"2023-11-02T15:44:48","date_gmt":"2023-11-02T14:44:48","guid":{"rendered":"https:\/\/venilia.insektenschutz365.eu\/p\/venisoft-anti-rutsch-bodenmatte-scott-40x65cm\/"},"modified":"2024-08-13T09:11:44","modified_gmt":"2024-08-13T07:11:44","slug":"venisoft-anti-rutsch-bodenmatte-scott-40x65cm","status":"publish","type":"product","link":"https:\/\/www.venilia.com\/de\/p\/venisoft-anti-rutsch-bodenmatte-scott-40x65cm\/","title":{"rendered":"Venisoft Anti-Rutsch Bodenmatte Scott &#8211; 40x65cm"},"content":{"rendered":"<h2>Farbiger Schutz<\/h2>\n<p>Diese Bodenmatte sch\u00fctzt Ihre B\u00f6den vor Dellen und Kratzern und setzt dabei gleichzeitig auch noch ein farbliches Highlight. Und auch bei den verwendeten Materialien sind Sie dank der Zertifizierung auf der sicheren Seite.<\/p>\n<h2>Vielfalt im Einsatz, Vielfalt in den Eigenschaften<\/h2>\n<p>Die rutschfeste Bodenmatte ist besonders f\u00fcr Hygiene- und Nassbereiche (z. B. Badezimmer und Sauna) geeignet. Denn sie trocknet schnell, ist antibakteriell und atmungsaktiv. Durch Letzteres werden sowohl die Wasserverdunstung als auch der Wasserabfluss gef\u00f6rdert. Gleichzeitig hat sie eine weiche Oberfl\u00e4che und verf\u00fcgt \u00fcber k\u00e4lte- und w\u00e4rmeisolierenden Eigenschaften. All das macht sie zu einer tollen Barfu\u00dfmatte.<\/p>\n<h2>Reinigen, wie Sie es wollen<\/h2>\n<p>Die Matte ist waschbar bei 30\u00b0C (nicht schleudern), kann aber auch mit einem feuchten Tuch ges\u00e4ubert oder mit Wasser abgesp\u00fclt werden \u2013 ganz wie Sie wollen.<\/p>\n","protected":false},"excerpt":{"rendered":"<p><UL><LI>RUTSCHFEST &#038; DOCH WEICH \u2013 Diese Bodenmatte ist rutschfest und hat dennoch eine weiche Oberfl\u00e4che<\/LI><LI>ATMUNGSAKTIV &#038; ISOLIEREND \u2013 So sorgt die Struktur f\u00fcr besseren Wasserabfluss, au\u00dferdem hat die Matte K\u00e4lte- und w\u00e4rmeisolierende Eigenschaften<\/LI><LI>LANGJ\u00c4HRIGER BEGLEITER \u2013 Hohe Abriebfestigkeit &#038; lange Lebensdauer<\/LI><LI>WASCHMASCHINEN-GEEIGNET \u2013 Antibakteriell und waschbar bis 30\u00b0C<\/LI><LI>ZERTIFIZIERUNG INBEGRIFFEN \u2013 Die Matte erf\u00fcllt den OEKO Tex Standard 100<\/LI><\/UL><\/p>\n","protected":false},"featured_media":44026,"template":"","meta":[],"product_cat":[111,112],"product_tag":[],"wcpa_form_fields":null,"tiered_pricing_type":"fixed","tiered_pricing_fixed_rules":[],"_links":{"self":[{"href":"https:\/\/www.venilia.com\/de\/wp-json\/wp\/v2\/product\/8554"}],"collection":[{"href":"https:\/\/www.venilia.com\/de\/wp-json\/wp\/v2\/product"}],"about":[{"href":"https:\/\/www.venilia.com\/de\/wp-json\/wp\/v2\/types\/product"}],"wp:featuredmedia":[{"embeddable":true,"href":"https:\/\/www.venilia.com\/de\/wp-json\/wp\/v2\/media\/44026"}],"wp:attachment":[{"href":"https:\/\/www.venilia.com\/de\/wp-json\/wp\/v2\/media?parent=8554"}],"wp:term":[{"taxonomy":"product_cat","embeddable":true,"href":"https:\/\/www.venilia.com\/de\/wp-json\/wp\/v2\/product_cat?post=8554"},{"taxonomy":"product_tag","embeddable":true,"href":"https:\/\/www.venilia.com\/de\/wp-json\/wp\/v2\/product_tag?post=8554"}],"curies":[{"name":"wp","href":"https:\/\/api.w.org\/{rel}","templated":true}]}}