{"id":8513,"date":"2023-11-02T15:42:54","date_gmt":"2023-11-02T14:42:54","guid":{"rendered":"https:\/\/venilia.insektenschutz365.eu\/p\/klebefolie-ocicat-45x150cm\/"},"modified":"2025-02-10T08:05:57","modified_gmt":"2025-02-10T07:05:57","slug":"klebefolie-ocicat-45x150cm","status":"publish","type":"product","link":"https:\/\/www.venilia.com\/de\/p\/klebefolie-ocicat-45x150cm\/","title":{"rendered":"Klebefolie Ocicat &#8211; 45x150cm"},"content":{"rendered":"<h2>Kreativit\u00e4t (aus)leben mit Dekorfolien<\/h2>\n<p>Sie k\u00f6nnen Ihren Wohnbereich mit diesen vielf\u00e4ltigen und zeitlosen Klebefolien von V\u00e9nilia versch\u00f6nern. Optimal geeignet f\u00fcr kleinere Fl\u00e4chen und Bastelarbeiten.<\/p>\n<h3>Pflegeleicht und stark<\/h3>\n<p>Die Klebefolie ist in Innenr\u00e4umen hitze- und wasserbest\u00e4ndig und dabei pflegeleicht. Sie enth\u00e4lt keine sch\u00e4dlichen Weichmacher (Phthalate) und ist leicht anzubringen.<\/p>\n","protected":false},"excerpt":{"rendered":"<ul>\n<li>SELBSTKLEBEND &amp; MODERN \u2013 Die Dekorfolie gl\u00e4nzt mit zeitgem\u00e4\u00dfen Motiven und klebt von selbst<\/li>\n<li>HITZE- &amp; WASSERBEST\u00c4NDIG \u2013 In Innenr\u00e4umen punktet sie mit diesen Eigenschaften<\/li>\n<li>SICHER &amp; MADE IN EU \u2013 Die Folie ist Phthalat frei und wird in Europa produziert<\/li>\n<li>IDEAL F\u00dcR BASTELARBEITEN \u2013 Kleinere Fl\u00e4chen lassen sich gut umgestalten<\/li>\n<li>BEQUEME VERARBEITUNG \u2013 Tr\u00e4gerpapier mit Rasterlinien f\u00fcr einfaches Schneiden und Anbringen<\/li>\n<\/ul>\n","protected":false},"featured_media":53887,"template":"","meta":[],"product_cat":[53,1527,67,1531,1530,1534,1536],"product_tag":[],"wcpa_form_fields":null,"tiered_pricing_type":"fixed","tiered_pricing_fixed_rules":[],"_links":{"self":[{"href":"https:\/\/www.venilia.com\/de\/wp-json\/wp\/v2\/product\/8513"}],"collection":[{"href":"https:\/\/www.venilia.com\/de\/wp-json\/wp\/v2\/product"}],"about":[{"href":"https:\/\/www.venilia.com\/de\/wp-json\/wp\/v2\/types\/product"}],"wp:featuredmedia":[{"embeddable":true,"href":"https:\/\/www.venilia.com\/de\/wp-json\/wp\/v2\/media\/53887"}],"wp:attachment":[{"href":"https:\/\/www.venilia.com\/de\/wp-json\/wp\/v2\/media?parent=8513"}],"wp:term":[{"taxonomy":"product_cat","embeddable":true,"href":"https:\/\/www.venilia.com\/de\/wp-json\/wp\/v2\/product_cat?post=8513"},{"taxonomy":"product_tag","embeddable":true,"href":"https:\/\/www.venilia.com\/de\/wp-json\/wp\/v2\/product_tag?post=8513"}],"curies":[{"name":"wp","href":"https:\/\/api.w.org\/{rel}","templated":true}]}}