{"id":8507,"date":"2023-11-02T15:41:38","date_gmt":"2023-11-02T14:41:38","guid":{"rendered":"https:\/\/venilia.insektenschutz365.eu\/p\/venigrip-teppichgleitschutz-60x120cm\/"},"modified":"2024-08-13T09:11:12","modified_gmt":"2024-08-13T07:11:12","slug":"venigrip-teppichgleitschutz-60x120cm","status":"publish","type":"product","link":"https:\/\/www.venilia.com\/de\/p\/venigrip-teppichgleitschutz-60x120cm\/","title":{"rendered":"Venigrip Teppichgleitschutz &#8211; 60x120cm"},"content":{"rendered":"<h2>Nie wieder eine Rutschpartie auf glatten B\u00f6den<\/h2>\n<p>Teppiche k\u00f6nnen besonders auf glatten Oberfl\u00e4chen (Fliesen, Parkett, Laminat, Linoleum, \u2026) oft verrutschen. Der V\u00e9nilia Teppichgleitschutz Venigrip ist daf\u00fcr konzipiert, genau das besser zu verhindern.<\/p>\n<h2>So wird\u2019s gemacht<\/h2>\n<p>Die Anti-Rutsch-Unterlage wird unter dem jeweiligen Teppich\/L\u00e4ufer platziert und gew\u00e4hrleistet so Stabilit\u00e4t. Damit bleibt der Teppich an seinem Platz.<\/p>\n<h2>Vorteile im Alltag<\/h2>\n<p>Der Teppichgleitschutz schont den Boden zus\u00e4tzlich zum Teppich. Und auch beim Staubsaugen klappt sich der Teppich nicht mehr hoch, sondern bleibt glatt liegen und kann so leicht und schnell ges\u00e4ubert werden.<\/p>\n<h2>F\u00fcr Ihre Zwecke zuschneidbar<\/h2>\n<p>Mit einer Schere oder einem Cutter kann das Gitternetz von Ihnen auf die Wunsch-Gr\u00f6\u00dfe zugeschnitten werden. So passt es unter fast jeden Teppich.<\/p>\n","protected":false},"excerpt":{"rendered":"<p><UL><LI>D\u00dcNNE ANTI-RUTSCH-MATTE \u2013 Als Teppichunterlage zu verwenden<\/LI><LI>MIT ANTI-HAFT-WIRKUNG \u2013 So bleibt der Teppich immer glatt liegen<\/LI><LI>VERMINDERTE RUTSCHGEFAHR \u2013 So haben Sie immer festen Boden unter den F\u00fc\u00dfen<\/LI><LI>F\u00dcR B\u00d6DEN MIT FU\u00dfBODENHEIZUNG GEEIGNET \u2013 Die W\u00e4rme beeintr\u00e4chtigt die Matte und ihre Eigenschaften nicht<\/LI><LI>EINFACH ZUSCHNEIDBAR \u2013 So k\u00f6nnen Sie die Unterlagen in Ihre Wunschgr\u00f6\u00dfe bringen<\/LI><\/UL><\/p>\n","protected":false},"featured_media":4648,"template":"","meta":[],"product_cat":[111,112],"product_tag":[],"wcpa_form_fields":null,"tiered_pricing_type":"fixed","tiered_pricing_fixed_rules":[],"_links":{"self":[{"href":"https:\/\/www.venilia.com\/de\/wp-json\/wp\/v2\/product\/8507"}],"collection":[{"href":"https:\/\/www.venilia.com\/de\/wp-json\/wp\/v2\/product"}],"about":[{"href":"https:\/\/www.venilia.com\/de\/wp-json\/wp\/v2\/types\/product"}],"wp:featuredmedia":[{"embeddable":true,"href":"https:\/\/www.venilia.com\/de\/wp-json\/wp\/v2\/media\/4648"}],"wp:attachment":[{"href":"https:\/\/www.venilia.com\/de\/wp-json\/wp\/v2\/media?parent=8507"}],"wp:term":[{"taxonomy":"product_cat","embeddable":true,"href":"https:\/\/www.venilia.com\/de\/wp-json\/wp\/v2\/product_cat?post=8507"},{"taxonomy":"product_tag","embeddable":true,"href":"https:\/\/www.venilia.com\/de\/wp-json\/wp\/v2\/product_tag?post=8507"}],"curies":[{"name":"wp","href":"https:\/\/api.w.org\/{rel}","templated":true}]}}