{"id":8423,"date":"2023-11-02T15:37:35","date_gmt":"2023-11-02T14:37:35","guid":{"rendered":"https:\/\/venilia.insektenschutz365.eu\/p\/tischschutz-party-bayern-100x250cm\/"},"modified":"2024-09-19T16:29:53","modified_gmt":"2024-09-19T14:29:53","slug":"tischschutz-party-bayern-100x250cm","status":"publish","type":"product","link":"https:\/\/www.venilia.com\/de\/p\/tischschutz-party-bayern-100x250cm\/","title":{"rendered":"Tischschutz Party Bayern &#8211; 100x250cm"},"content":{"rendered":"<h2>So wird die Party aufgestylt<\/h2>\n<p>Mit diesen gl\u00e4nzenden Tischdecken k\u00f6nnen Sie Ihrem Partytisch den letzten Schliff geben, ohne viel Geld zu investieren. Sie haben die Wahl zwischen kr\u00e4ftigen Uni-Farben oder Decken mit Muster.<\/p>\n<h2>Starke Eigenschaften f\u00fcr die n\u00e4chste Party<\/h2>\n<p>Besonders Partytischdecken m\u00fcssen viel aushalten. So sind auch diese lebensmittelechten Tischdecken strapazierf\u00e4hig, fl\u00fcssigkeitsundurchl\u00e4ssig und einfach abzuwischen \u2013 und nat\u00fcrlich f\u00fcr den Innen- und Au\u00dfenbereich verwendbar.<\/p>\n","protected":false},"excerpt":{"rendered":"<ul>\n<li>ZEITLOSER CHIC \u2013 Der Hochglanz-Tischbelag bietet innen und au\u00dfen zeitlosen Charme<\/li>\n<li>F\u00dcR BIERTISCHE GEEIGNET \u2013 Die Gr\u00f6\u00dfe des Tischschoners deckt auch diese Tischform ab<\/li>\n<li>WASSERFEST &amp; PFLEGELEICHT \u2013 Sch\u00fctzt Tische und M\u00f6bel vor Fl\u00fcssigkeiten und ist leicht zu reinigen<\/li>\n<li>PARTY-GEEIGNET &#8211; Ideal f\u00fcr den einmaligen Gebrauch bei Partys<\/li>\n<li>LEBENSMITTELECHT \u2013 Dank der Zertifizierung \u201cFood Contact Safe\u201d<\/li>\n<\/ul>\n","protected":false},"featured_media":4328,"template":"","meta":[],"product_cat":[1559,1540,1541,75,122],"product_tag":[],"wcpa_form_fields":null,"tiered_pricing_type":"fixed","tiered_pricing_fixed_rules":[],"_links":{"self":[{"href":"https:\/\/www.venilia.com\/de\/wp-json\/wp\/v2\/product\/8423"}],"collection":[{"href":"https:\/\/www.venilia.com\/de\/wp-json\/wp\/v2\/product"}],"about":[{"href":"https:\/\/www.venilia.com\/de\/wp-json\/wp\/v2\/types\/product"}],"wp:featuredmedia":[{"embeddable":true,"href":"https:\/\/www.venilia.com\/de\/wp-json\/wp\/v2\/media\/4328"}],"wp:attachment":[{"href":"https:\/\/www.venilia.com\/de\/wp-json\/wp\/v2\/media?parent=8423"}],"wp:term":[{"taxonomy":"product_cat","embeddable":true,"href":"https:\/\/www.venilia.com\/de\/wp-json\/wp\/v2\/product_cat?post=8423"},{"taxonomy":"product_tag","embeddable":true,"href":"https:\/\/www.venilia.com\/de\/wp-json\/wp\/v2\/product_tag?post=8423"}],"curies":[{"name":"wp","href":"https:\/\/api.w.org\/{rel}","templated":true}]}}