{"id":8397,"date":"2022-05-31T23:28:45","date_gmt":"2022-05-31T21:28:45","guid":{"rendered":"https:\/\/venilia.insektenschutz365.eu\/p\/tischdecke-cube-blau-140x140cm-quadratisch\/"},"modified":"2025-02-10T10:07:22","modified_gmt":"2025-02-10T09:07:22","slug":"tischdecke-cube-blau-140x140cm-quadratisch","status":"publish","type":"product","link":"https:\/\/www.venilia.com\/de\/p\/tischdecke-cube-blau-140x140cm-quadratisch\/","title":{"rendered":"Tischdecke Cube blau &#8211; 140x140cm, quadratisch"},"content":{"rendered":"<p><strong>Attraktive Tischdecke mit Struktur<\/strong><\/p>\n<p>Trendig im Design versch\u00f6nern die Tischdecken der &#8222;Veniline Serie&#8220;\u00a0in pastellig-dezenten oder kr\u00e4ftig-bunten Farben mit klassischen, blumigen oder abstrakten Mustern Ihr Zuhause.\u00a0Die\u00a0<strong>Strukturpr\u00e4gung<\/strong>\u00a0und der relativ\u00a0<strong>weiche Fall\u00a0<\/strong>machen diese Tischdecke so beliebt &#8211; ebenso wie ihre Eigenschaften:\u00a0strapazierf\u00e4hig, fl\u00fcssigkeitsundurchl\u00e4ssig und\u00a0fleckenabweisend.<\/p>\n<p>Die Oberfl\u00e4che der V\u00e9niline Tischdecke hat eine spezielle Haptik: sie greift sich wie\u00a0<strong>Wachstuch mit Pr\u00e4gung<\/strong>\u00a0an;\u00a0dank eines speziellen Druckverfahrens &#8218;f\u00fchlt&#8216; man das Muster regelrecht. Die R\u00fcckseite ist aus hochwertigem Vlies f\u00fcr erh\u00f6hten Komfort.\u00a0Als Allrounder ist sie drinnen und drau\u00dfen einsetzbar; absolut pflegeleicht,\u00a0schmutzunempfindlich\u00a0und fl\u00fcssigkeitsundurchl\u00e4ssig. Die Tischdecke\u00a0wird\u00a0am besten im Innenbereich eingesetzt, da sie \u00fcber keine UV-Beschichtung verf\u00fcgt.<\/p>\n<p>Sie tr\u00e4gt das &#8222;Textile Vertrauenssiegel&#8220; nach &#8218;STANDARD\u00a0<strong>100<\/strong>\u00a0by\u00a0<strong>OEKO<\/strong>&#8211;<strong>TEX<\/strong>\u00ae&#8216; und kann daher unbedenklich mit Lebensmittel in Ber\u00fchrung kommen.<\/p>\n","protected":false},"excerpt":{"rendered":"<ul>\n<li>Strukturierte Wachstischdecke mit grafischem Design<\/li>\n<li>Wasser- und fleckenabweisend dank Spezialbeschichtung<\/li>\n<li>Abwischbare Oberfl\u00e4che &amp; hochwertiger Vliesr\u00fccken<\/li>\n<li>Lebensmittelecht nach OEKO-TEX Standard 100<\/li>\n<\/ul>\n","protected":false},"featured_media":53921,"template":"","meta":[],"product_cat":[84,1559,1540,83],"product_tag":[],"wcpa_form_fields":null,"tiered_pricing_type":"fixed","tiered_pricing_fixed_rules":[],"_links":{"self":[{"href":"https:\/\/www.venilia.com\/de\/wp-json\/wp\/v2\/product\/8397"}],"collection":[{"href":"https:\/\/www.venilia.com\/de\/wp-json\/wp\/v2\/product"}],"about":[{"href":"https:\/\/www.venilia.com\/de\/wp-json\/wp\/v2\/types\/product"}],"wp:featuredmedia":[{"embeddable":true,"href":"https:\/\/www.venilia.com\/de\/wp-json\/wp\/v2\/media\/53921"}],"wp:attachment":[{"href":"https:\/\/www.venilia.com\/de\/wp-json\/wp\/v2\/media?parent=8397"}],"wp:term":[{"taxonomy":"product_cat","embeddable":true,"href":"https:\/\/www.venilia.com\/de\/wp-json\/wp\/v2\/product_cat?post=8397"},{"taxonomy":"product_tag","embeddable":true,"href":"https:\/\/www.venilia.com\/de\/wp-json\/wp\/v2\/product_tag?post=8397"}],"curies":[{"name":"wp","href":"https:\/\/api.w.org\/{rel}","templated":true}]}}