{"id":8377,"date":"2023-11-02T15:34:57","date_gmt":"2023-11-02T14:34:57","guid":{"rendered":"https:\/\/venilia.insektenschutz365.eu\/p\/fensterfolie-nancay-45x200cm\/"},"modified":"2024-09-16T12:46:56","modified_gmt":"2024-09-16T10:46:56","slug":"fensterfolie-nancay-45x200cm","status":"publish","type":"product","link":"https:\/\/www.venilia.com\/de\/p\/fensterfolie-nancay-45x200cm\/","title":{"rendered":"Fensterfolie Nancay &#8211; 45x200cm"},"content":{"rendered":"<h2>Dekorativer Sichtschutz am Fenster<\/h2>\n<p>Keine Lust auf Milchglasfolie? Mit dieser leicht transparenten Folie haben Sie nicht nur Sichtschutz, sondern setzen auch ein dekoratives Highlight. Die Folie h\u00e4lt auf allen Glasfl\u00e4chen und l\u00e4sst dennoch genug&nbsp;Licht hindurch.<\/p>\n<h3>Glasdekorfolie einfach anbringen<\/h3>\n<p>Die Fensterfolie ist auch f\u00fcr den Sanit\u00e4rbereich geeignet, da sie hitze- und wasserbest\u00e4ndig ist. Au\u00dferdem ist sie frei von Phthalaten (sch\u00e4dlichen Weichmachern). Dank selbstklebender Eigenschaft ist die Dekorfolie besonders einfach anzubringen.<\/p>\n","protected":false},"excerpt":{"rendered":"<p><UL><LI>GLASDEKORFOLIE ALS EYECATCHER \u2013 Fensterfolie zum Aufkleben, h\u00e4lt auf allen Glasfl\u00e4chen<\/LI><LI>ZUVERL\u00c4SSIGER SICHTSCHUTZ \u2013 Sch\u00fctzt innen und au\u00dfen vor Blicken anderer<\/LI><LI>LICHTDURCHL\u00c4SSIG \u2013 Trotz Blickschutz l\u00e4sst die Folie weiterhin Licht durch<\/LI><LI>EINFACH &#038; SELBSTKLEBEND \u2013 Selbstklebende Folie, daher auch einfach anzubringen<\/LI><LI>STARK \u2013 Wasser- und hitzebest\u00e4ndig, ohne Phthalate, REACH-zertifiziert<\/LI><\/UL><\/p>\n","protected":false},"featured_media":4154,"template":"","meta":[],"product_cat":[116,1553,53],"product_tag":[],"wcpa_form_fields":null,"tiered_pricing_type":"fixed","tiered_pricing_fixed_rules":[],"_links":{"self":[{"href":"https:\/\/www.venilia.com\/de\/wp-json\/wp\/v2\/product\/8377"}],"collection":[{"href":"https:\/\/www.venilia.com\/de\/wp-json\/wp\/v2\/product"}],"about":[{"href":"https:\/\/www.venilia.com\/de\/wp-json\/wp\/v2\/types\/product"}],"wp:featuredmedia":[{"embeddable":true,"href":"https:\/\/www.venilia.com\/de\/wp-json\/wp\/v2\/media\/4154"}],"wp:attachment":[{"href":"https:\/\/www.venilia.com\/de\/wp-json\/wp\/v2\/media?parent=8377"}],"wp:term":[{"taxonomy":"product_cat","embeddable":true,"href":"https:\/\/www.venilia.com\/de\/wp-json\/wp\/v2\/product_cat?post=8377"},{"taxonomy":"product_tag","embeddable":true,"href":"https:\/\/www.venilia.com\/de\/wp-json\/wp\/v2\/product_tag?post=8377"}],"curies":[{"name":"wp","href":"https:\/\/api.w.org\/{rel}","templated":true}]}}