{"id":8320,"date":"2023-11-02T15:31:43","date_gmt":"2023-11-02T14:31:43","guid":{"rendered":"https:\/\/venilia.insektenschutz365.eu\/p\/klebefolie-unimatt-puderrosa-45x200cm\/"},"modified":"2024-09-16T10:34:41","modified_gmt":"2024-09-16T08:34:41","slug":"klebefolie-unimatt-puderrosa-45x200cm","status":"publish","type":"product","link":"https:\/\/www.venilia.com\/de\/p\/klebefolie-unimatt-puderrosa-45x200cm\/","title":{"rendered":"Klebefolie Unimatt puderrosa &#8211; 45x200cm"},"content":{"rendered":"<h2>Die\u00a0besondere Klebefolie &#8211; einfach und genial<\/h2>\n<p>Die hochwertigen <strong>V\u00e9nilia UNI MATT Klebefolien<\/strong> lassen jeden Raum in allen Farben des Regenbogens erstrahlen. Neben der riesigen Farbauswahl ist die besonders hochwertige Qualit\u00e4t entscheidend: die Folien sind durchgef\u00e4rbt und daher au\u00dfergew\u00f6hnlich kratzfest. Passiert doch mal ein Kratzer, ist dieser kaum wahrnehmbar! Die Strukturpr\u00e4gung sorgt f\u00fcr die matte Optik und angenehme Haptik. Designt und produziert werden sie in Europa, selbstverst\u00e4ndlich komplett frei von Phthalaten (sch\u00e4dlichen Weichmachern).<\/p>\n<h3>Simple\u00a0Anwendung<\/h3>\n<p>Durch ihre besondere Dicke ist die Klebefolie noch leichter anzubringen. Brauchen Sie mehrere Versuche, bis die Folie richtig positioniert ist, ist das kein Problem. Der Kleber ist erst nach 20 Minuten fixiert und die Ecken verziehen sich nicht. Die Folie beh\u00e4lt ihre Form.<\/p>\n<h3>F\u00fcr gro\u00dfe und kleine Fl\u00e4chen geeignet<\/h3>\n<p>Egal, ob gro\u00dfe oder kleine Fl\u00e4chen, M\u00f6bel, Glas oder Schmuckk\u00e4stchen: Mit dieser Folie k\u00f6nnen Sie so gut wie alle Oberfl\u00e4chen neugestalten. Und wollen Sie irgendwann ein neues Design, k\u00f6nnen Sie die Folie leicht wieder abnehmen.<\/p>\n","protected":false},"excerpt":{"rendered":"<ul>\n<li>MULTITALENT F\u00dcR INNENR\u00c4UME \u2013 Zum Bekleben gro\u00dfer und kleiner Fl\u00e4chen, zur Umgestaltung von M\u00f6beln oder f\u00fcr Bastelarbeiten<\/li>\n<li>TOP QUALIT\u00c4T \u2013 Kratzfest, rei\u00dffest, widerstandsf\u00e4hig, abwischbar<\/li>\n<li>UNBEDENKLICH \u2013 Frei von Phthalaten und in Europa produziert<\/li>\n<li>BLASENFREIE ANBRINGUNG \u2013 Keine Blasen und nur 20 Minuten Fixierungszeit. Vorher kann die Folie neu positioniert werden, daher ist der Kleber erst nach einiger Zeit endg\u00fcltig fixiert.<\/li>\n<li>MIT PR\u00c4GUNG &#8211; Die Struktur macht die Folie matt und sorgt f\u00fcr ein hochwertiges Finish<\/li>\n<\/ul>\n","protected":false},"featured_media":52502,"template":"","meta":[],"product_cat":[53,1527,65,1531,1530,1534,1536],"product_tag":[],"wcpa_form_fields":null,"tiered_pricing_type":"fixed","tiered_pricing_fixed_rules":[],"_links":{"self":[{"href":"https:\/\/www.venilia.com\/de\/wp-json\/wp\/v2\/product\/8320"}],"collection":[{"href":"https:\/\/www.venilia.com\/de\/wp-json\/wp\/v2\/product"}],"about":[{"href":"https:\/\/www.venilia.com\/de\/wp-json\/wp\/v2\/types\/product"}],"wp:featuredmedia":[{"embeddable":true,"href":"https:\/\/www.venilia.com\/de\/wp-json\/wp\/v2\/media\/52502"}],"wp:attachment":[{"href":"https:\/\/www.venilia.com\/de\/wp-json\/wp\/v2\/media?parent=8320"}],"wp:term":[{"taxonomy":"product_cat","embeddable":true,"href":"https:\/\/www.venilia.com\/de\/wp-json\/wp\/v2\/product_cat?post=8320"},{"taxonomy":"product_tag","embeddable":true,"href":"https:\/\/www.venilia.com\/de\/wp-json\/wp\/v2\/product_tag?post=8320"}],"curies":[{"name":"wp","href":"https:\/\/api.w.org\/{rel}","templated":true}]}}