{"id":8307,"date":"2023-11-02T15:31:02","date_gmt":"2023-11-02T14:31:02","guid":{"rendered":"https:\/\/venilia.insektenschutz365.eu\/p\/klebefolie-marshmallow-45x150cm\/"},"modified":"2024-09-16T10:36:02","modified_gmt":"2024-09-16T08:36:02","slug":"klebefolie-marshmallow-45x150cm","status":"publish","type":"product","link":"https:\/\/www.venilia.com\/de\/p\/klebefolie-marshmallow-45x150cm\/","title":{"rendered":"Klebefolie Marshmallow &#8211; 45x150cm"},"content":{"rendered":"<h2>Kreativit\u00e4t (aus)leben mit Dekorfolien<\/h2>\n<p>Sie k\u00f6nnen Ihren Wohnbereich mit diesen vielf\u00e4ltigen und zeitlosen Klebefolien von V\u00e9nilia versch\u00f6nern. Optimal geeignet f\u00fcr kleinere Fl\u00e4chen und Bastelarbeiten.&nbsp;<\/p>\n<h3>Pflegeleicht und stark&nbsp;<\/h3>\n<p>Die Klebefolie ist in Innenr\u00e4umen hitze- und wasserbest\u00e4ndig und dabei pflegeleicht. Sie enth\u00e4lt keine sch\u00e4dlichen Weichmacher (Phthalate) und ist leicht anzubringen.&nbsp;<\/p>\n","protected":false},"excerpt":{"rendered":"<p><UL><LI>SELBSTKLEBEND &#038; MODERN \u2013 Die Dekorfolie gl\u00e4nzt mit zeitgem\u00e4\u00dfen Motiven und klebt von selbst<\/LI><LI>HITZE- &#038; WASSERBEST\u00c4NDIG \u2013 In Innenr\u00e4umen punktet sie mit diesen Eigenschaften<\/LI><LI>SICHER &#038; MADE IN EU \u2013 Die Folie ist Phthalat frei und wird in Europa produziert<\/LI><LI>IDEAL F\u00dcR BASTELARBEITEN \u2013 Kleinere Fl\u00e4chen lassen sich gut umgestalten<\/LI><LI>BEQUEME VERARBEITUNG \u2013 Tr\u00e4gerpapier mit Rasterlinien f\u00fcr einfaches Schneiden und Anbringen<\/LI><\/UL><\/p>\n","protected":false},"featured_media":3813,"template":"","meta":[],"product_cat":[53,1527,67,1531,1530,1534,1536],"product_tag":[],"wcpa_form_fields":null,"tiered_pricing_type":"fixed","tiered_pricing_fixed_rules":[],"_links":{"self":[{"href":"https:\/\/www.venilia.com\/de\/wp-json\/wp\/v2\/product\/8307"}],"collection":[{"href":"https:\/\/www.venilia.com\/de\/wp-json\/wp\/v2\/product"}],"about":[{"href":"https:\/\/www.venilia.com\/de\/wp-json\/wp\/v2\/types\/product"}],"wp:featuredmedia":[{"embeddable":true,"href":"https:\/\/www.venilia.com\/de\/wp-json\/wp\/v2\/media\/3813"}],"wp:attachment":[{"href":"https:\/\/www.venilia.com\/de\/wp-json\/wp\/v2\/media?parent=8307"}],"wp:term":[{"taxonomy":"product_cat","embeddable":true,"href":"https:\/\/www.venilia.com\/de\/wp-json\/wp\/v2\/product_cat?post=8307"},{"taxonomy":"product_tag","embeddable":true,"href":"https:\/\/www.venilia.com\/de\/wp-json\/wp\/v2\/product_tag?post=8307"}],"curies":[{"name":"wp","href":"https:\/\/api.w.org\/{rel}","templated":true}]}}