{"id":8185,"date":"2022-05-31T23:13:13","date_gmt":"2022-05-31T21:13:13","guid":{"rendered":"https:\/\/venilia.insektenschutz365.eu\/p\/tischdecke-tropic-gelb-155x220cm-oval\/"},"modified":"2025-02-10T09:06:24","modified_gmt":"2025-02-10T08:06:24","slug":"tischdecke-tropic-gelb-155x220cm-oval","status":"publish","type":"product","link":"https:\/\/www.venilia.com\/de\/p\/tischdecke-tropic-gelb-155x220cm-oval\/","title":{"rendered":"Tischdecke Tropic gelb &#8211; 155x220cm, oval"},"content":{"rendered":"<p><strong>Perfekter Tischschutz<\/strong><\/p>\n<p>Die\u00a0<strong>Premium Wachst\u00fccher von V\u00e9nilia<\/strong>\u00a0verleihen\u00a0Ihrem Esszimmer oder Ihrer K\u00fcche einen entschieden schicken und zeitlosen Look. Die dezenten und raffinierten Motive werden Ihre G\u00e4ste bei besonderen Anl\u00e4ssen begeistern.<\/p>\n<p>Die Premium Wachst\u00fccher von V\u00e9nilia sind im Vergleich relativ schwer und\u00a0dadurch extrem\u00a0<strong>strapazierf\u00e4hig<\/strong>. Einmal gekauft, hat man sie\u00a0<strong>sicherlich lange im Einsatz<\/strong>\u00a0&#8211; egal ob drinnen im Esszimmer oder drau\u00dfen am Gartentisch.\u00a0Der Geweber\u00fccken besteht aus nat\u00fcrlichen Zellulosefasern und ist doppelt so dick wie bei anderen Tischdecken. Vorteilhaft, denn das Wachstuch liegt fest\u00a0auf der Tischplatte\u00a0und\u00a0<strong>verrutscht nicht<\/strong>. Zudem greift sich die R\u00fcckseite angenehm weich\u00a0an und der Tisch wird perfekt\u00a0<strong>vor Kratzern und Abnutzung gesch\u00fctzt<\/strong>.<\/p>\n<p>&nbsp;<\/p>\n<p><strong>Zuverl\u00e4ssiger Fleckenschutz<\/strong><\/p>\n<p>Flecken haben hier keine Chance! Die Tischdecke bietet dank ihrer speziellen\u00a0<strong>Anti-Fleck-Beschichtung<\/strong>\u00a0eine super Performance und verzeiht so manchen Ausrutscher.\u00a0Selbst Rotwein, Spaghettisauce oder Schokoladentorte hinterlassen keine Spuren &#8211; einfach nass abwischen, fertig. Pflegeleichter geht&#8217;s kaum. Die glatte Wachstuch-Oberfl\u00e4che\u00a0ist nicht nur\u00a0<strong>schmutzunempfindlich<\/strong>, sie\u00a0l\u00e4sst auch\u00a0<strong>keine Fl\u00fcssigkeiten durchdringen<\/strong>.\u00a0Bei Knitterfalten l\u00e4sst sie sich leicht auf der R\u00fcckseite auf niedriger Stufe b\u00fcgeln.<\/p>\n<p>Sie tr\u00e4gt das &#8222;Textile Vertrauenssiegel&#8220; nach &#8218;STANDARD\u00a0<strong>100<\/strong>\u00a0by\u00a0<strong>OEKO<\/strong>&#8211;<strong>TEX<\/strong>\u00ae&#8216; und kann daher unbedenklich mit Lebensmittel in Ber\u00fchrung kommen.<\/p>\n","protected":false},"excerpt":{"rendered":"<ul>\n<li>Premium Wachstuch-Tischdecke<\/li>\n<li>Hochwertiger Geweber\u00fccken aus Baumwolle + Polyester<\/li>\n<li>Schutz vor Flecken, Fl\u00fcssigkeiten und Kratzern dank spezieller Beschichtung<\/li>\n<li>Rutschfest, robust + drinnen\/drau\u00dfen einsetzbar<\/li>\n<li>Lebensmittelecht nach OEKO-TEX Standard 100<\/li>\n<\/ul>\n","protected":false},"featured_media":53902,"template":"","meta":[],"product_cat":[106,1559,1540,83],"product_tag":[],"wcpa_form_fields":null,"tiered_pricing_type":"fixed","tiered_pricing_fixed_rules":[],"_links":{"self":[{"href":"https:\/\/www.venilia.com\/de\/wp-json\/wp\/v2\/product\/8185"}],"collection":[{"href":"https:\/\/www.venilia.com\/de\/wp-json\/wp\/v2\/product"}],"about":[{"href":"https:\/\/www.venilia.com\/de\/wp-json\/wp\/v2\/types\/product"}],"wp:featuredmedia":[{"embeddable":true,"href":"https:\/\/www.venilia.com\/de\/wp-json\/wp\/v2\/media\/53902"}],"wp:attachment":[{"href":"https:\/\/www.venilia.com\/de\/wp-json\/wp\/v2\/media?parent=8185"}],"wp:term":[{"taxonomy":"product_cat","embeddable":true,"href":"https:\/\/www.venilia.com\/de\/wp-json\/wp\/v2\/product_cat?post=8185"},{"taxonomy":"product_tag","embeddable":true,"href":"https:\/\/www.venilia.com\/de\/wp-json\/wp\/v2\/product_tag?post=8185"}],"curies":[{"name":"wp","href":"https:\/\/api.w.org\/{rel}","templated":true}]}}