{"id":8132,"date":"2023-11-02T15:21:11","date_gmt":"2023-11-02T14:21:11","guid":{"rendered":"https:\/\/venilia.insektenschutz365.eu\/p\/tischdecke-leinen-creme-160x160cm-quadratisch\/"},"modified":"2024-09-19T16:31:29","modified_gmt":"2024-09-19T14:31:29","slug":"tischdecke-leinen-creme-160x160cm-quadratisch","status":"publish","type":"product","link":"https:\/\/www.venilia.com\/de\/p\/tischdecke-leinen-creme-160x160cm-quadratisch\/","title":{"rendered":"Tischdecke Leinen creme"},"content":{"rendered":"<h2>Eleganz durch subtile Farben<\/h2>\n<p>Diese Leinen-Baumwoll-Tischdecken bestechen durch schlichte Farben: Die Bandbreite reicht von taupe und anthrazit bis hin zu himmelblau oder anisgelb. Diese Farbwahl verleiht ihnen nicht nur Charme und Raffinesse, sondern auch Authentizit\u00e4t. Eine zeitlose Kollektion, bei der jeder etwas Passendes findet.<\/p>\n<h2>Nie wieder Flecken!<\/h2>\n<p>Gleich drei Beschichtungen sorgen daf\u00fcr, dass Sie sich nie wieder Gedanken um Flecken machen m\u00fcssen: zum Ersten die doppelte Acrylbeschichtung und zum Zweiten die Teflonbeschichtung. Erstere wirkt jedoch nicht nur Flecken entgegen, sondern sorgt auch daf\u00fcr, dass der Stoff angenehm weich bleibt.<\/p>\n<h2>Nat\u00fcrliche Materialien werden gro\u00dfgeschrieben<\/h2>\n<p>Hier werden gleich zwei nat\u00fcrliche Materialen kombiniert: Leinen und Baumwolle. Das gibt der Tischdecke einen edlen, aber auch weichen Look. Sie ist dar\u00fcber hinaus etwas schwerer als \u00fcbliche Tischdecken, wodurch sie gut f\u00e4llt und besonders sch\u00f6n liegt.<\/p>\n<h2>Pflegeleicht und sicher bei Lebensmitteln<\/h2>\n<p>Lebensmittelechtheit und Sicherheit werden bei der Leinen-Baumwoll-Tischdecke gro\u00dfgeschrieben. Etwaige Flecken k\u00f6nnen m\u00fchelos abgewischt werden, bei Bedarf kann die Stofftischdecke aber auch bei niedriger Temperatur gewaschen werden, ohne dass die Beschichtungen verlorengehen.<\/p>\n","protected":false},"excerpt":{"rendered":"<ul>\n<li>MODERN &amp; VIELSEITIG \u2013 Der beschichtete Stoff bringt hochwertige Elemente ins Haus<\/li>\n<li>NAT\u00dcRLICHE MATERIALIEN \u2013 45 % Baumwolle spielt zusammen mit 55 % Leinen<\/li>\n<li>SCHMUTZRESISTENT &amp; FL\u00dcSSIGKEITSUNDURCHL\u00c4SSIG \u2013 Die 3-fach-Beschichtung h\u00e4lt sauber und trocken<\/li>\n<li>FEUCHT ABWISCHBAR \u2013 Das macht die Decke sehr pflegeleicht<\/li>\n<li>SICHER &amp; ZERTIFIZIERT \u2013 Der OEKO-TEX Standard 100 wird eingehalten, au\u00dferdem ist die Decke Food Contact Safe<\/li>\n<\/ul>\n","protected":false},"featured_media":2966,"template":"","meta":[],"product_cat":[103,1559,1540,83],"product_tag":[],"wcpa_form_fields":null,"tiered_pricing_type":"fixed","tiered_pricing_fixed_rules":[],"_links":{"self":[{"href":"https:\/\/www.venilia.com\/de\/wp-json\/wp\/v2\/product\/8132"}],"collection":[{"href":"https:\/\/www.venilia.com\/de\/wp-json\/wp\/v2\/product"}],"about":[{"href":"https:\/\/www.venilia.com\/de\/wp-json\/wp\/v2\/types\/product"}],"wp:featuredmedia":[{"embeddable":true,"href":"https:\/\/www.venilia.com\/de\/wp-json\/wp\/v2\/media\/2966"}],"wp:attachment":[{"href":"https:\/\/www.venilia.com\/de\/wp-json\/wp\/v2\/media?parent=8132"}],"wp:term":[{"taxonomy":"product_cat","embeddable":true,"href":"https:\/\/www.venilia.com\/de\/wp-json\/wp\/v2\/product_cat?post=8132"},{"taxonomy":"product_tag","embeddable":true,"href":"https:\/\/www.venilia.com\/de\/wp-json\/wp\/v2\/product_tag?post=8132"}],"curies":[{"name":"wp","href":"https:\/\/api.w.org\/{rel}","templated":true}]}}