{"id":8057,"date":"2023-11-02T15:17:18","date_gmt":"2023-11-02T14:17:18","guid":{"rendered":"https:\/\/venilia.insektenschutz365.eu\/p\/tischtuchbeschwerer-schmetterling-magnetisch-4-stueck\/"},"modified":"2024-09-19T16:31:31","modified_gmt":"2024-09-19T14:31:31","slug":"tischtuchbeschwerer-schmetterling-magnetisch-4-stueck","status":"publish","type":"product","link":"https:\/\/www.venilia.com\/de\/p\/tischtuchbeschwerer-schmetterling-magnetisch-4-stueck\/","title":{"rendered":"Tischtuchbeschwerer Schmetterling, magnetisch &#8211; 4 St\u00fcck"},"content":{"rendered":"<h2>Tischdecken und Tischschoner festhalten<\/h2>\n<p>Vom Winde verweht? Jetzt nicht mehr!&nbsp;<\/p>\n<p><strong>Tischtuchbeschwerer&nbsp;<\/strong>helfen Ihnen, das Davonfliegen Ihrer Tischdecke zu verhindern. Dank der magnetischen Wirkung halten sie sicher an der Decke und geben ihr das n\u00f6tige Gewicht, um an Ort und Stelle zu bleiben.&nbsp;Sie k\u00f6nnen die Beschwerer dabei gleichzeitig als optisches Highlight nutzen. Dank ihres Designs machen sie Ihre Tischdecke zus\u00e4tzlich zu einem Hingucker.<\/p>\n","protected":false},"excerpt":{"rendered":"<p><UL><LI>TIERISCHER TISCHTUCHBESCHWERER \u2013 H\u00e4lt Tischdecken unterschiedlicher Formen, Materialien und Gr\u00f6\u00dfen fest<\/LI><LI>SOMMERLICH DEKORATIV \u2013 Schmetterlinge aus Metall, in silber<\/LI><LI>MAGNETISCH \u2013 Die Tischtuchgewichte haben eine magnetische Wirkung<\/LI><LI>KEIN DAVONFLIEGEN \u2013 Durch das Gewicht der Halter bleibt die Tischw\u00e4sche an ihrem Platz<\/LI><LI>SET \u2013 4 St\u00fcck<\/LI><\/UL><\/p>\n","protected":false},"featured_media":2540,"template":"","meta":[],"product_cat":[1559,1540,83,95],"product_tag":[],"wcpa_form_fields":null,"tiered_pricing_type":"fixed","tiered_pricing_fixed_rules":[],"_links":{"self":[{"href":"https:\/\/www.venilia.com\/de\/wp-json\/wp\/v2\/product\/8057"}],"collection":[{"href":"https:\/\/www.venilia.com\/de\/wp-json\/wp\/v2\/product"}],"about":[{"href":"https:\/\/www.venilia.com\/de\/wp-json\/wp\/v2\/types\/product"}],"wp:featuredmedia":[{"embeddable":true,"href":"https:\/\/www.venilia.com\/de\/wp-json\/wp\/v2\/media\/2540"}],"wp:attachment":[{"href":"https:\/\/www.venilia.com\/de\/wp-json\/wp\/v2\/media?parent=8057"}],"wp:term":[{"taxonomy":"product_cat","embeddable":true,"href":"https:\/\/www.venilia.com\/de\/wp-json\/wp\/v2\/product_cat?post=8057"},{"taxonomy":"product_tag","embeddable":true,"href":"https:\/\/www.venilia.com\/de\/wp-json\/wp\/v2\/product_tag?post=8057"}],"curies":[{"name":"wp","href":"https:\/\/api.w.org\/{rel}","templated":true}]}}