{"id":8037,"date":"2023-11-02T15:16:20","date_gmt":"2023-11-02T14:16:20","guid":{"rendered":"https:\/\/venilia.insektenschutz365.eu\/p\/fensterfolie-selbstklebende-hitzeschutz-92x200cm\/"},"modified":"2025-02-12T12:06:29","modified_gmt":"2025-02-12T11:06:29","slug":"fensterfolie-selbstklebende-hitzeschutz-92x200cm","status":"publish","type":"product","link":"https:\/\/www.venilia.com\/de\/p\/fensterfolie-selbstklebende-hitzeschutz-92x200cm\/","title":{"rendered":"Fensterfolie selbstklebende Hitzeschutz &#8211; 92x200cm"},"content":{"rendered":"<h2>Hitzeschutz f\u00fcr Wohnr\u00e4ume<\/h2>\n<p>Angenehme Raumtemperatur OHNE Klimaanlage? Die Hitzeschutzfolie macht es m\u00f6glich! Denn sie verhindert, dass sich R\u00e4ume unter Sonneneinstrahlung aufheizen und senkt die Raumtemperatur so um bis zu 10\u00b0!&nbsp;<\/p>\n<p>Zus\u00e4tzlich schont sie die M\u00f6bel vor dem Ausbleichen, ist schmutzabweisend und kratzfest und auch die Anbringung ist kinderleicht: Mehr als Rakel und Wasser brauchen Sie daf\u00fcr nicht.<\/p>\n","protected":false},"excerpt":{"rendered":"<p><UL><LI>HITZESCHUTZ \u2013 Senkt die Raumtemperatur um bis zu 10\u00b0C!<\/LI><LI>HERVORRAGENDER SONNENSCHUTZ \u2013 Sch\u00fctzt vor UV- und Infrarotstrahlen sowie Blendung und W\u00e4rme der Sonne.<\/LI><LI>SELBSTKLEBENDE FOLIE \u2013 Diese Folie kann auf s\u00e4mtlichen glatten Glasfl\u00e4chen angeklebt werden und verf\u00fcgt \u00fcber einen einzigartigen Halt.<\/LI><LI>PFLEGELEICHT &#038; KRATZFEST \u2013 Die Beschichtung der Folie sch\u00fctzt vor Kratzern und Schmutz und kann nur mit Wasser oder Glasreiniger abgewischt werden.<\/LI><LI>EINFACHE ANBRINGUNG \u2013 So einfach wars noch nie: F\u00fcr die Anbringung auf verglasten Oberfl\u00e4chen ben\u00f6tigen Sie nicht mehr als Rakel und Wasser!<\/LI><\/UL><\/p>\n","protected":false},"featured_media":2450,"template":"","meta":[],"product_cat":[1553,53,1527,1523,1531,1534,1521,1524,1522,93,1539],"product_tag":[],"wcpa_form_fields":null,"tiered_pricing_type":"fixed","tiered_pricing_fixed_rules":[],"_links":{"self":[{"href":"https:\/\/www.venilia.com\/de\/wp-json\/wp\/v2\/product\/8037"}],"collection":[{"href":"https:\/\/www.venilia.com\/de\/wp-json\/wp\/v2\/product"}],"about":[{"href":"https:\/\/www.venilia.com\/de\/wp-json\/wp\/v2\/types\/product"}],"wp:featuredmedia":[{"embeddable":true,"href":"https:\/\/www.venilia.com\/de\/wp-json\/wp\/v2\/media\/2450"}],"wp:attachment":[{"href":"https:\/\/www.venilia.com\/de\/wp-json\/wp\/v2\/media?parent=8037"}],"wp:term":[{"taxonomy":"product_cat","embeddable":true,"href":"https:\/\/www.venilia.com\/de\/wp-json\/wp\/v2\/product_cat?post=8037"},{"taxonomy":"product_tag","embeddable":true,"href":"https:\/\/www.venilia.com\/de\/wp-json\/wp\/v2\/product_tag?post=8037"}],"curies":[{"name":"wp","href":"https:\/\/api.w.org\/{rel}","templated":true}]}}