{"id":8009,"date":"2023-11-02T15:14:14","date_gmt":"2023-11-02T14:14:14","guid":{"rendered":"https:\/\/venilia.insektenschutz365.eu\/p\/tischset-good-morning-blau-45x30cm-rechteckig\/"},"modified":"2024-09-16T10:47:56","modified_gmt":"2024-09-16T08:47:56","slug":"tischset-good-morning-blau-45x30cm-rechteckig","status":"publish","type":"product","link":"https:\/\/www.venilia.com\/de\/p\/tischset-good-morning-blau-45x30cm-rechteckig\/","title":{"rendered":"Tischset Good Morning blau &#8211; 45x30cm, rechteckig"},"content":{"rendered":"<h2>F\u00fcr jeden Anlass das richtige Motiv<\/h2>\n<p>Ob einf\u00e4rbig, knallbunt, mit grafischen Mustern, Gute-Laune-machenden Spr\u00fcchen oder appetitanregenden Motiven: Die Sets schaffen \u00fcberall Stimmung!<\/p>\n<h2>Stabiler, schneller Schutz<\/h2>\n<p>Mit diesem leicht abwischbaren und aus stabilem Kunststoff gemachten Platzset sch\u00fctzen Sie Ihre Tischplatten und Oberfl\u00e4chen zuverl\u00e4ssig vor Kratzern. Zus\u00e4tzliches Plus: Sie sind schneller aufgelegt als eine Tischdecke.<\/p>\n<h2>Mahlzeiten sicher genie\u00dfen<\/h2>\n<p>Die glatten Platzsets zeichnen sich durch Lebensmittelechtheit aus und verzichten auf Phthalate.<\/p>\n","protected":false},"excerpt":{"rendered":"<p><UL><LI>ALLROUNDER PLATZSETS \u2013 Optischer Hingucker und Schutz f\u00fcr die Tischplatte in einem<\/LI><LI>PFLEGELEICHT &#038; STARK \u2013 Die Oberfl\u00e4che ist schmutz- sowie wasserabweisend und gut abwischbar<\/LI><LI>RECHTECKIG &#038; RUND \u2013 Rechteckige Tischsets mit abgerundeten Ecken, stabil verarbeitet<\/LI><LI>SICHERER GENUSS \u2013 Phthalatfrei und Food Contact-Siegel<\/LI><LI>EINFACHE HANDHABUNG \u2013 Im Nu ist aufgedeckt, noch praktischer als eine Tischdecke<\/LI><\/UL><\/p>\n","protected":false},"featured_media":2316,"template":"","meta":[],"product_cat":[91,1540,1544,87],"product_tag":[],"wcpa_form_fields":null,"tiered_pricing_type":"fixed","tiered_pricing_fixed_rules":[],"_links":{"self":[{"href":"https:\/\/www.venilia.com\/de\/wp-json\/wp\/v2\/product\/8009"}],"collection":[{"href":"https:\/\/www.venilia.com\/de\/wp-json\/wp\/v2\/product"}],"about":[{"href":"https:\/\/www.venilia.com\/de\/wp-json\/wp\/v2\/types\/product"}],"wp:featuredmedia":[{"embeddable":true,"href":"https:\/\/www.venilia.com\/de\/wp-json\/wp\/v2\/media\/2316"}],"wp:attachment":[{"href":"https:\/\/www.venilia.com\/de\/wp-json\/wp\/v2\/media?parent=8009"}],"wp:term":[{"taxonomy":"product_cat","embeddable":true,"href":"https:\/\/www.venilia.com\/de\/wp-json\/wp\/v2\/product_cat?post=8009"},{"taxonomy":"product_tag","embeddable":true,"href":"https:\/\/www.venilia.com\/de\/wp-json\/wp\/v2\/product_tag?post=8009"}],"curies":[{"name":"wp","href":"https:\/\/api.w.org\/{rel}","templated":true}]}}