{"id":7865,"date":"2023-11-02T15:04:59","date_gmt":"2023-11-02T14:04:59","guid":{"rendered":"https:\/\/venilia.insektenschutz365.eu\/p\/tischschoner-bulgomme-standard-pvc-weiss-135x180cm-rechteckig\/"},"modified":"2024-09-16T10:53:21","modified_gmt":"2024-09-16T08:53:21","slug":"tischschoner-bulgomme-standard-pvc-weiss-135x180cm-rechteckig","status":"publish","type":"product","link":"https:\/\/www.venilia.com\/de\/p\/tischschoner-bulgomme-standard-pvc-weiss-135x180cm-rechteckig\/","title":{"rendered":"Tischschoner Bulgomme Standard PVC wei\u00df &#8211; 135x180cm, rechteckig"},"content":{"rendered":"<h2>Mehrfach-Vorteile durch Polsterung<\/h2>\n<p>Der Tischschutz verrutscht nicht! Sch\u00fctzt vor Kratzern und Dellen. Ebenso lassen sich Gl\u00e4ser und Geschirr ger\u00e4uscharm abstellen.<\/p>\n<h2>Pflegeleicht und fleckenfrei<\/h2>\n<p>Durch die Anti-Fleck-Beschichtung haben Flecken und Fl\u00fcssigkeiten keine Chance, au\u00dferdem macht sie den Tischschutz sehr pflegeleicht.<\/p>\n<h2>Garantiert unbedenklich<\/h2>\n<p>Der Tischschutz enth\u00e4lt keine bedenklichen Stoffe und sorgt so f\u00fcr einen sicheren Genuss.<\/p>\n","protected":false},"excerpt":{"rendered":"<p><UL><LI>WASSER &#8211; &#038; FLECKENABWEISEND \u2013 Dank spezieller Anti-Fleck-Beschichtung<\/LI><LI>RUTSCHFEST &#038; STO\u00dfHEMMEND \u2013 Der Tischschoner verrutscht nicht so leicht und der Tisch ist gut vor St\u00f6\u00dfen, Kratzern und Co. gesch\u00fctzt<\/LI><LI>FL\u00dcSSIGKEITSUNDURCHL\u00c4SSIG \u2013 Ihr Tisch bleibt vor Fl\u00fcssigkeiten gesch\u00fctzt<\/LI><LI>PFLEGELEICHT \u2013 Die Oberfl\u00e4che kann mit einem feuchten Tuch abgewischt werden<\/LI><LI>UNBEDENKLICHE MATERIALIEN \u2013 Die OEKO-Tex-Zertifizierung macht\u2019s m\u00f6glich<\/LI><\/UL><\/p>\n","protected":false},"featured_media":1630,"template":"","meta":[],"product_cat":[1540,1541,75,76],"product_tag":[],"wcpa_form_fields":null,"tiered_pricing_type":"fixed","tiered_pricing_fixed_rules":[],"_links":{"self":[{"href":"https:\/\/www.venilia.com\/de\/wp-json\/wp\/v2\/product\/7865"}],"collection":[{"href":"https:\/\/www.venilia.com\/de\/wp-json\/wp\/v2\/product"}],"about":[{"href":"https:\/\/www.venilia.com\/de\/wp-json\/wp\/v2\/types\/product"}],"wp:featuredmedia":[{"embeddable":true,"href":"https:\/\/www.venilia.com\/de\/wp-json\/wp\/v2\/media\/1630"}],"wp:attachment":[{"href":"https:\/\/www.venilia.com\/de\/wp-json\/wp\/v2\/media?parent=7865"}],"wp:term":[{"taxonomy":"product_cat","embeddable":true,"href":"https:\/\/www.venilia.com\/de\/wp-json\/wp\/v2\/product_cat?post=7865"},{"taxonomy":"product_tag","embeddable":true,"href":"https:\/\/www.venilia.com\/de\/wp-json\/wp\/v2\/product_tag?post=7865"}],"curies":[{"name":"wp","href":"https:\/\/api.w.org\/{rel}","templated":true}]}}