{"id":7852,"date":"2023-11-02T15:03:57","date_gmt":"2023-11-02T14:03:57","guid":{"rendered":"https:\/\/venilia.insektenschutz365.eu\/p\/vitrostatic-fensterfolie-sand-fein-45x150cm\/"},"modified":"2024-09-16T12:45:54","modified_gmt":"2024-09-16T10:45:54","slug":"vitrostatic-fensterfolie-sand-fein-45x150cm","status":"publish","type":"product","link":"https:\/\/www.venilia.com\/de\/p\/vitrostatic-fensterfolie-sand-fein-45x150cm\/","title":{"rendered":"Vitrostatic Fensterfolie Sand fein"},"content":{"rendered":"<p>Die ohne Klebstoff, selbst haftenden Folien sch\u00fctzen Sie vor indiskreten Blicken und sind gleichzeitig sehr lichtdurchl\u00e4ssig. Sie k\u00f6nnen ganz einfach auf den Innenseiten der Fensterscheiben, Glast\u00fcren oder Duschkabinen angebracht sowie leicht wieder abgel\u00f6st und neu fixiert werden \u2013 ein gro\u00dfer Klassiker von V\u00e9nilia.<\/p>\n<p>Ein Unternehmen mit Tradition<\/p>\n<p>Nur wenige Unternehmen verf\u00fcgen wie V\u00e9nilia \u00fcber ein Fachwissen, das bis ins 19. Jahrhundert zur\u00fcckreicht. Im Jahr 1874 stellt V\u00e9nilia (damals noch Mar\u00e9chal-Werke) bereits seine ersten Tischdecken her. 1956 wurde das Unternehmen durch die Aufnahme des Klebefoliensortiments auf internationaler Ebene bekannt. Der einstigen Vorreiterrolle wird auch heute, aufgrund laufender Ver\u00e4nderungen, Rechnung getragen.<\/p>\n<p>Immer am Puls der Zeit<\/p>\n<p>V\u00e9nilia hat sich durch hochwertige Produkte und die gro\u00dfe Auswahl einen Namen gemacht: Tischdecken, Tischschoner, Tischschutz, Tischsets, Klebefolien, Anti-Rutsch Matten und weitere n\u00fctzliche Accessoires. Das Unternehmen geht auf die W\u00fcnsche und Erwartungen seiner Kunden ein und bietet heute fast eintausend Artikel f\u00fcr Tischkultur und Innenausstattung an.<\/p>\n<p>Windhager \u00fcbernimmt Mehrheitsanteile von Van Merksteijn Plastics Im November 2018 \u00fcbernahm die V\u00e9nilia Gruppe die Mehrheitsanteile des PVC-Folienherstellers Van Merksteijn Plastics (VMP) in Enschede. Durch diese strategische \u00dcbernahme verkn\u00fcpft die V\u00e9nilia Gruppe die St\u00e4rken eines Handelsunternehmens mit denen eines produzierenden Betriebes.<\/p>\n","protected":false},"excerpt":{"rendered":"<ul>\n<li>ohne gesundheitssch\u00e4dliche Weichmacher (Phthalate frei)<\/li>\n<li>Schlichte Fensterfolie mit sehr feiner Sandk\u00f6rnung<\/li>\n<li>Dekorativer Schutz vor neugierigen Blicken<\/li>\n<li>H\u00e4lt gro\u00dfe Temperaturunterschiede aus<\/li>\n<li>Einfach anzubringen auf Glasscheiben<\/li>\n<li>Selbsthaftend &#8211; ohne Klebstoff<\/li>\n<\/ul>\n","protected":false},"featured_media":1571,"template":"","meta":[],"product_cat":[1553,71,53,1534,1521,1522,1539],"product_tag":[],"wcpa_form_fields":null,"tiered_pricing_type":"fixed","tiered_pricing_fixed_rules":[],"_links":{"self":[{"href":"https:\/\/www.venilia.com\/de\/wp-json\/wp\/v2\/product\/7852"}],"collection":[{"href":"https:\/\/www.venilia.com\/de\/wp-json\/wp\/v2\/product"}],"about":[{"href":"https:\/\/www.venilia.com\/de\/wp-json\/wp\/v2\/types\/product"}],"wp:featuredmedia":[{"embeddable":true,"href":"https:\/\/www.venilia.com\/de\/wp-json\/wp\/v2\/media\/1571"}],"wp:attachment":[{"href":"https:\/\/www.venilia.com\/de\/wp-json\/wp\/v2\/media?parent=7852"}],"wp:term":[{"taxonomy":"product_cat","embeddable":true,"href":"https:\/\/www.venilia.com\/de\/wp-json\/wp\/v2\/product_cat?post=7852"},{"taxonomy":"product_tag","embeddable":true,"href":"https:\/\/www.venilia.com\/de\/wp-json\/wp\/v2\/product_tag?post=7852"}],"curies":[{"name":"wp","href":"https:\/\/api.w.org\/{rel}","templated":true}]}}