{"id":7845,"date":"2023-11-02T15:03:57","date_gmt":"2023-11-02T14:03:57","guid":{"rendered":"https:\/\/venilia.insektenschutz365.eu\/p\/vitrostatic-fensterfolie-streifen-45x150cm\/"},"modified":"2024-09-16T12:45:55","modified_gmt":"2024-09-16T10:45:55","slug":"vitrostatic-fensterfolie-streifen-45x150cm","status":"publish","type":"product","link":"https:\/\/www.venilia.com\/de\/p\/vitrostatic-fensterfolie-streifen-45x150cm\/","title":{"rendered":"Vitrostatic Fensterfolie Streifen &#8211; 45x150cm"},"content":{"rendered":"<h2>Glasdekorfolie zum Schutz vor indiskreten Blicken<\/h2>\n<p>Die dekorative Fensterfolie sch\u00fctzt vor neugierigen Blicken, l\u00e4sst dabei aber noch viel Licht durch. Dabei sind die Motive sowohl von innen als auch von au\u00dfen gut zu sehen.<\/p>\n<p>\u00dcbrigens: Die Folie kann auch genutzt werden, wenn Sie keinen Sichtschutz brauchen, sondern nur nach einem dekorativen Highlight f\u00fcr Ihr Zuhause suchen.<\/p>\n<h3>Selbsthaftender&nbsp;Profi f\u00fcr Glasfl\u00e4chen<\/h3>\n<p>Die Dekorfolie haftet&nbsp;statisch, g\u00e4nzlich&nbsp;ohne Klebstoff. Sie kann an der Innenseite von Fensterscheiben, an Duschkabinen, Glast\u00fcren, Winterg\u00e4rten etc. angebracht werden.&nbsp;<\/p>\n<h3>Wasserbest\u00e4ndig &amp; wiederverwendbar<\/h3>\n<p>Die Fensterfolie wird in Europa hergestellt und enth\u00e4lt keine sch\u00e4dlichen Weichmacher (frei&nbsp;von Phthalaten). Sie ist wasserbest\u00e4ndig&nbsp;und h\u00e4lt&nbsp;Temperaturunterschieden von +\/-20\u00b0 Grad problemlos stand, ohne sich zu l\u00f6sen. Die Folien k\u00f6nnen jederzeit wieder abgel\u00f6st und neu fixiert werden. &nbsp;<\/p>\n","protected":false},"excerpt":{"rendered":"<p><UL><LI>MEHR PRIVATSPH\u00c4RE \u2013 Selbsthaftende Glasdekorfolie zum Schutz vor Blicken<\/LI><LI>F\u00dcR GLASFL\u00c4CHEN \u2013 Wie Fensterscheiben, Glast\u00fcren und Duschkabinen<\/LI><LI>LICHTDURCHL\u00c4SSIG \u2013 Die transparente Folie dunkelt die R\u00e4ume nicht ab, sondern l\u00e4sst weiterhin Licht durch. Sie h\u00e4lt gro\u00dfen Temperaturunterschieden, Sommer wie Winter, stand ohne sich zu l\u00f6sen.<\/LI><LI>MADE IN EU \u2013 Entwicklung und Produktion in Europa. Phthalat frei und REACH-zertifiziert.<\/LI><LI>ANBRINGUNG OHNE KLEBER \u2013 Glasfl\u00e4che reinigen. Schutzfolie abziehen. Glas und Folie mit Wasser benetzen, von innen nach au\u00dfen glattstreichen. R\u00fcckstandslos abl\u00f6sbar und wiederverwendbar.<\/LI><\/UL><\/p>\n","protected":false},"featured_media":1546,"template":"","meta":[],"product_cat":[1553,71,53,1534,1521,1522,1539],"product_tag":[],"wcpa_form_fields":null,"tiered_pricing_type":"fixed","tiered_pricing_fixed_rules":[],"_links":{"self":[{"href":"https:\/\/www.venilia.com\/de\/wp-json\/wp\/v2\/product\/7845"}],"collection":[{"href":"https:\/\/www.venilia.com\/de\/wp-json\/wp\/v2\/product"}],"about":[{"href":"https:\/\/www.venilia.com\/de\/wp-json\/wp\/v2\/types\/product"}],"wp:featuredmedia":[{"embeddable":true,"href":"https:\/\/www.venilia.com\/de\/wp-json\/wp\/v2\/media\/1546"}],"wp:attachment":[{"href":"https:\/\/www.venilia.com\/de\/wp-json\/wp\/v2\/media?parent=7845"}],"wp:term":[{"taxonomy":"product_cat","embeddable":true,"href":"https:\/\/www.venilia.com\/de\/wp-json\/wp\/v2\/product_cat?post=7845"},{"taxonomy":"product_tag","embeddable":true,"href":"https:\/\/www.venilia.com\/de\/wp-json\/wp\/v2\/product_tag?post=7845"}],"curies":[{"name":"wp","href":"https:\/\/api.w.org\/{rel}","templated":true}]}}