{"id":7811,"date":"2023-11-02T15:01:08","date_gmt":"2023-11-02T14:01:08","guid":{"rendered":"https:\/\/venilia.insektenschutz365.eu\/p\/perfect-fix-klebefolie-brett-taupe-45x200cm\/"},"modified":"2024-09-16T10:25:23","modified_gmt":"2024-09-16T08:25:23","slug":"perfect-fix-klebefolie-brett-taupe-45x200cm","status":"publish","type":"product","link":"https:\/\/www.venilia.com\/de\/p\/perfect-fix-klebefolie-brett-taupe-45x200cm\/","title":{"rendered":"Perfect Fix\u00ae Klebefolie Brett taupe &#8211; 45x200cm"},"content":{"rendered":"<h2>Ein zweites Leben in Holzoptik dank Klebefolie<\/h2>\n<p>Mit den <strong>V\u00e9nilia Perfect Fix \u00ae M\u00f6belfolien<\/strong> k\u00f6nnen Sie Kleiderschr\u00e4nken, T\u00fcren oder der ganzen K\u00fcche ein komplett neues Aussehen verleihen. Die Klebefolien in Holzoptik sehen nicht nur t\u00e4uschend echt aus, sondern lassen sich besonders gut verarbeiten&nbsp;und sind au\u00dfergew\u00f6hnlich kratzfest. Durch die patentierte Mikroperforation kann jede Perfect Fix\u00ae Folie schnell und garantiert ohne Luftblasen aufgeklebt werden. Sie enth\u00e4lt keine sch\u00e4dlichen Weichmacher (Phthalate), ist daf\u00fcr hitzeresistent, robust und ganz leicht abwischbar.&nbsp;<\/p>\n<h3>Anbringung: auch f\u00fcr Anf\u00e4nger leicht<\/h3>\n<p>20 Minuten \u2013 so lange dauert es, bis der Kleber endg\u00fcltig fixiert ist und die Folie somit fest sitzt. Sitzt die Folie also beim ersten Versuch nicht wie erhofft, haben Sie genug Zeit, um das auszubessern. Und: Die Klebefolie beh\u00e4lt dabei ihre Form, sie leiert nicht aus.<\/p>\n","protected":false},"excerpt":{"rendered":"<p><UL><LI>M\u00d6BEL WIE NEU &#8211; Die selbstklebenden Dekorfolien in Holzoptik eignen sich hervorragend zur Umgestaltung gro\u00dfer Fl\u00e4chen wie K\u00fcchen, Schr\u00e4nke &#038; T\u00fcren.<\/LI><LI>BLASENFREIES ANKLEBEN &#8211; Die einzigartige Perfect Fix\u00ae Mikroperforation garantiert ein blasenfreies Anbringen der Folie.<\/LI><LI>HOCHWERTIGES MATERIAL &#8211; Besonders starke Folie, wasser- und hitzebest\u00e4ndig. Enth\u00e4lt keine sch\u00e4dlichen Weichmacher.<\/LI><LI>PFLEGELEICHT \u2013 Glatte, wasser- und schmutzabweisende Oberfl\u00e4che, einfach zum Abstauben oder Abwischen.<\/LI><LI>MADE IN EUROPE &#8211; Die V\u00e9nilia Designs werden in der EU entwickelt und produziert.<\/LI><\/UL><\/p>\n","protected":false},"featured_media":1416,"template":"","meta":[],"product_cat":[53,1527,70,1531,1530,1526,1535],"product_tag":[],"wcpa_form_fields":null,"tiered_pricing_type":"fixed","tiered_pricing_fixed_rules":[],"_links":{"self":[{"href":"https:\/\/www.venilia.com\/de\/wp-json\/wp\/v2\/product\/7811"}],"collection":[{"href":"https:\/\/www.venilia.com\/de\/wp-json\/wp\/v2\/product"}],"about":[{"href":"https:\/\/www.venilia.com\/de\/wp-json\/wp\/v2\/types\/product"}],"wp:featuredmedia":[{"embeddable":true,"href":"https:\/\/www.venilia.com\/de\/wp-json\/wp\/v2\/media\/1416"}],"wp:attachment":[{"href":"https:\/\/www.venilia.com\/de\/wp-json\/wp\/v2\/media?parent=7811"}],"wp:term":[{"taxonomy":"product_cat","embeddable":true,"href":"https:\/\/www.venilia.com\/de\/wp-json\/wp\/v2\/product_cat?post=7811"},{"taxonomy":"product_tag","embeddable":true,"href":"https:\/\/www.venilia.com\/de\/wp-json\/wp\/v2\/product_tag?post=7811"}],"curies":[{"name":"wp","href":"https:\/\/api.w.org\/{rel}","templated":true}]}}