{"id":7657,"date":"2023-11-02T16:45:52","date_gmt":"2023-11-02T15:45:52","guid":{"rendered":"https:\/\/venilia.insektenschutz365.eu\/p\/tafelfolie-schwarz-45x150cm\/"},"modified":"2024-09-16T10:28:17","modified_gmt":"2024-09-16T08:28:17","slug":"tafelfolie-schwarz-45x150cm","status":"publish","type":"product","link":"https:\/\/www.venilia.com\/de\/p\/tafelfolie-schwarz-45x150cm\/","title":{"rendered":"Tafelfolie schwarz"},"content":{"rendered":"<h2>Klebefolien\u00a0f\u00fcr B\u00fcro und Schule<\/h2>\n<p>Folien f\u00fcr Tafeln, Whiteboards und B\u00fccher\u2026 alle Klebefolien, die die Arbeit in Schule und B\u00fcro erleichtern, finden hier ihren Platz!<\/p>\n<h3>Qualit\u00e4t, auf die Sie sich verlassen k\u00f6nnen<\/h3>\n<p>Nat\u00fcrlich sind alle V\u00e9nilia Dekorfolien\u00a0<strong>phtalatfrei<\/strong>, d.h. frei von sch\u00e4dlichen Weichmachern.\u00a0Die Folie ist, mit ein bi\u00dfchen Zeit und Fingereinsatz im Nu, einfach anzubringen.<br \/>\nWenn Sie Ihre Wahl bereuen \u2013 kein Problem! Die Klebefolien lassen sich innerhalb von 20 Minuten neu positionieren, erst danach ist der Kleber fixiert.\u00a0Und wenn Ihnen nach erneuter Ver\u00e4nderung ist &#8211; k\u00f6nnen Sie die Folie einfach wieder abmachen!<\/p>\n","protected":false},"excerpt":{"rendered":"<ul>\n<li>F\u00dcR B\u00dcRO &amp; KINDERZIMMER &#8211; Schutzfolien zum Einband von B\u00fcchern und (magnetische) Tafel-\/Whiteboardfolien zum Beschreiben mit Kreide oder Stift<\/li>\n<li>SICHER &amp; UNBEDENKLICH \u2013 Phthalat frei und REACH-zertifiziert<\/li>\n<li>TOP MATERIAL &#8211; Hohe Wasser- und Hitzebest\u00e4ndigkeit in Innenr\u00e4umen<\/li>\n<li>EINFACHE ANWENDUNG &#8211; Tr\u00e4gerpapier mit Rasterlinien auf der R\u00fcckseite unterst\u00fctzt exaktes Messen und Zuschneiden.<\/li>\n<\/ul>\n","protected":false},"featured_media":52559,"template":"","meta":[],"product_cat":[53,1527,61,1531,1537,1530,1534],"product_tag":[],"wcpa_form_fields":null,"tiered_pricing_type":"fixed","tiered_pricing_fixed_rules":[],"_links":{"self":[{"href":"https:\/\/www.venilia.com\/de\/wp-json\/wp\/v2\/product\/7657"}],"collection":[{"href":"https:\/\/www.venilia.com\/de\/wp-json\/wp\/v2\/product"}],"about":[{"href":"https:\/\/www.venilia.com\/de\/wp-json\/wp\/v2\/types\/product"}],"wp:featuredmedia":[{"embeddable":true,"href":"https:\/\/www.venilia.com\/de\/wp-json\/wp\/v2\/media\/52559"}],"wp:attachment":[{"href":"https:\/\/www.venilia.com\/de\/wp-json\/wp\/v2\/media?parent=7657"}],"wp:term":[{"taxonomy":"product_cat","embeddable":true,"href":"https:\/\/www.venilia.com\/de\/wp-json\/wp\/v2\/product_cat?post=7657"},{"taxonomy":"product_tag","embeddable":true,"href":"https:\/\/www.venilia.com\/de\/wp-json\/wp\/v2\/product_tag?post=7657"}],"curies":[{"name":"wp","href":"https:\/\/api.w.org\/{rel}","templated":true}]}}